{"id":8,"date":"2019-08-13T10:26:26","date_gmt":"2019-08-13T08:26:26","guid":{"rendered":"http:\/\/communionpourtous.fr\/?page_id=8"},"modified":"2024-08-22T16:39:08","modified_gmt":"2024-08-22T14:39:08","slug":"communion-divorces-remaries-pecheurs","status":"publish","type":"page","link":"https:\/\/communionpourtous.fr\/","title":{"rendered":"L&rsquo;Eglise interdit \u00e0 certains Chr\u00e9tiens l&rsquo;acc\u00e8s \u00e0 l&rsquo;Eucharistie &#8211; Elle compromet ainsi le Salut !"},"content":{"rendered":"\n<p class=\"has-drop-cap has-text-color has-large-font-size\" style=\"color:#a30003\"><strong>Lisez, priez et prenez position.  Ne restez pas indiff\u00e9rent ! <\/strong><\/p>\n\n\n\n<p>Ce site prend le temps de comprendre la position de l&rsquo;Eglise et de lire les Evangiles pour aider chacun \u00e0 prendre position en conscience<\/p>\n\n\n\n<p>Vous pouvez soit lire les diff\u00e9rentes pages du site, \u00ab\u00a0\u00e0 votre guise\u00a0\u00bb ou si vous pr\u00e9f\u00e9rez t\u00e9l\u00e9charger le m\u00eame contenu sous forme d&rsquo;article complet en cliquant sur le lien suivant : <a href=\"http:\/\/communionpourtous.fr\/wp-content\/uploads\/2024\/08\/communion-pour-tous-article-complet.pdf\">article complet<\/a><\/p>\n\n\n\n<p class=\"has-text-align-center has-white-color has-secondary-background-color has-text-color has-background has-large-font-size\"><span style=\"background-color:#004675\" class=\"tadv-background-color\"><span style=\"color:#FFF\" class=\"tadv-color\">Le Christ appelle \u00e0 la Communion pour tous<\/span><\/span><\/p>\n\n\n\n<ul class=\"wp-block-list\"><li><a href=\"http:\/\/communionpourtous.fr\/index.php\/le-christ-nattend-pas-la-conversion-pour-appeler\/\">Attitude g\u00e9n\u00e9rale du Christ dans l&rsquo;Evangile<\/a><\/li><li><a href=\"http:\/\/communionpourtous.fr\/index.php\/la-preuve-par-le-bapteme-de-jean-baptiste\/\">Le bapt\u00eame de Jean-Baptiste<\/a><\/li><li><a href=\"http:\/\/communionpourtous.fr\/index.php\/la-preuve-par-zachee-luc-192-10\/\">La rencontre de Zach\u00e9e<\/a><\/li><li><a href=\"http:\/\/communionpourtous.fr\/index.php\/la-preuve-par-la-communion-de-judas\/\">La communion de Judas<\/a><br><br><\/li><\/ul>\n\n\n\n<p class=\"has-text-align-center has-white-color has-secondary-background-color has-text-color has-background has-large-font-size\"><span style=\"background-color:#004675\" class=\"tadv-background-color\"><span style=\"color:#FFF\" class=\"tadv-color\">La position de l&rsquo;Eglise et son incoh\u00e9rence<\/span><\/span><\/p>\n\n\n\n<ul class=\"wp-block-list\"><li><a href=\"http:\/\/communionpourtous.fr\/index.php\/catechisme-de-leglise-catholique\/\">Cat\u00e9chisme de l&rsquo;Eglise Catholique<\/a><\/li><li><a href=\"http:\/\/communionpourtous.fr\/index.php\/incoherence-intrinseque\/\">Incoh\u00e9rence intrins\u00e8que<\/a><\/li><li><a href=\"http:\/\/communionpourtous.fr\/index.php\/refutation-de-1corinthien-chapitre-11\/\">D\u00e9tournement de 1, Corinthien<\/a><\/li><\/ul>\n\n\n\n<p class=\"has-text-align-center has-white-color has-secondary-background-color has-text-color has-background has-large-font-size\"><span style=\"background-color:#004675\" class=\"tadv-background-color\"><span style=\"color:#FFF\" class=\"tadv-color\">PRENEZ POSITION !!!<\/span><\/span><\/p>\n\n\n\n<ul class=\"wp-block-list\"><li><a href=\"http:\/\/communionpourtous.fr\/index.php\/2019\/08\/23\/vos-commentaires-et-idees\/\">vos commentaires et id\u00e9es <\/a><\/li><li><a href=\"http:\/\/chng.it\/RjX7PF97gZ\">Signez en ligne une p\u00e9tition pour un acc\u00e8s large \u00e0 la Communion<\/a><\/li><li><a href=\"mailto:eucharistiepourtous@gmail.com\">contactez moi<\/a><\/li><\/ul>\n\n\n<div class=\"wp-block-image\">\n<figure class=\"aligncenter\"><img loading=\"lazy\" decoding=\"async\" width=\"600\" height=\"522\" src=\"http:\/\/communionpourtous.fr\/wp-content\/uploads\/2019\/08\/ob_6c6e67_cene-e1565977472151.jpg\" alt=\"\" class=\"wp-image-14\"\/><\/figure><\/div>\n\n\n<p><\/p>\n\n\n\n<p><\/p>\n\n\n\n<p><\/p>\n\n\n\n<p><\/p>\n<div class='watch-action'><div class='watch-position align-left'><div class='action-like'><a class='lbg-style3 like-8 jlk' href='javascript:void(0)' data-task='like' data-post_id='8' data-nonce='6526a22d6f' rel='nofollow'><img class='wti-pixel' src='https:\/\/communionpourtous.fr\/wp-content\/plugins\/wti-like-post\/images\/pixel.gif' title='d&#039;accord ' \/><span class='lc-8 lc'>+705<\/span><\/a><\/div><div class='action-unlike'><a class='unlbg-style3 unlike-8 jlk' href='javascript:void(0)' data-task='unlike' data-post_id='8' data-nonce='6526a22d6f' rel='nofollow'><img class='wti-pixel' src='https:\/\/communionpourtous.fr\/wp-content\/plugins\/wti-like-post\/images\/pixel.gif' title=' pas d&#039;accord' \/><span class='unlc-8 unlc'>-188<\/span><\/a><\/div> <\/div> <div class='status-8 status align-left'><\/div><\/div><div class='wti-clear'><\/div>","protected":false},"excerpt":{"rendered":"<p>Lisez, priez et prenez position. Ne restez pas indiff\u00e9rent ! Ce site prend le temps de comprendre la position de l&rsquo;Eglise et de lire les Evangiles pour aider chacun \u00e0 prendre position en conscience Vous pouvez soit lire les diff\u00e9rentes pages du site, \u00ab\u00a0\u00e0 votre guise\u00a0\u00bb ou si vous pr\u00e9f\u00e9rez t\u00e9l\u00e9charger le m\u00eame contenu sous [&hellip;]<\/p>\n","protected":false},"author":1,"featured_media":0,"parent":0,"menu_order":0,"comment_status":"closed","ping_status":"closed","template":"","meta":{"om_disable_all_campaigns":false,"_monsterinsights_skip_tracking":false,"_monsterinsights_sitenote_active":false,"_monsterinsights_sitenote_note":"","_monsterinsights_sitenote_category":0,"_uf_show_specific_survey":0,"_uf_disable_surveys":false,"footnotes":""},"class_list":["post-8","page","type-page","status-publish","hentry","entry"],"aioseo_notices":[],"yoast_head":"<!-- This site is optimized with the Yoast SEO plugin v23.6 - https:\/\/yoast.com\/wordpress\/plugins\/seo\/ -->\n<title>L&#039;Eglise interdit \u00e0 certains Chr\u00e9tiens l&#039;acc\u00e8s \u00e0 l&#039;Eucharistie - Elle compromet ainsi le Salut ! - Communion pour tous !<\/title>\n<meta name=\"description\" content=\"L&#039;Eglise exclut de l&#039;Eucharistie certains chr\u00e9tiens (communion divorces remaries) en contradictionavec l&#039;Evangile.Priez l&#039;Evangile et prenez position.\" \/>\n<meta name=\"robots\" content=\"index, follow, max-snippet:-1, max-image-preview:large, max-video-preview:-1\" \/>\n<link rel=\"canonical\" href=\"http:\/\/communionpourtous.fr\/\" \/>\n<meta property=\"og:locale\" content=\"fr_FR\" \/>\n<meta property=\"og:type\" content=\"article\" \/>\n<meta property=\"og:title\" content=\"L&#039;Eglise interdit \u00e0 certains Chr\u00e9tiens l&#039;acc\u00e8s \u00e0 l&#039;Eucharistie - Elle compromet ainsi le Salut ! - Communion pour tous !\" \/>\n<meta property=\"og:description\" content=\"L&#039;Eglise exclut de l&#039;Eucharistie certains chr\u00e9tiens (communion divorces remaries) en contradictionavec l&#039;Evangile.Priez l&#039;Evangile et prenez position.\" \/>\n<meta property=\"og:url\" content=\"http:\/\/communionpourtous.fr\/\" \/>\n<meta property=\"og:site_name\" content=\"Communion pour tous !\" \/>\n<meta property=\"article:modified_time\" content=\"2024-08-22T14:39:08+00:00\" \/>\n<meta property=\"og:image\" content=\"http:\/\/communionpourtous.fr\/wp-content\/uploads\/2019\/08\/ob_6c6e67_cene-e1565977472151.jpg\" \/>\n<meta name=\"twitter:card\" content=\"summary_large_image\" \/>\n<meta name=\"twitter:label1\" content=\"Dur\u00e9e de lecture estim\u00e9e\" \/>\n\t<meta name=\"twitter:data1\" content=\"1 minute\" \/>\n<script type=\"application\/ld+json\" class=\"yoast-schema-graph\">{\"@context\":\"https:\/\/schema.org\",\"@graph\":[{\"@type\":\"WebPage\",\"@id\":\"http:\/\/communionpourtous.fr\/\",\"url\":\"http:\/\/communionpourtous.fr\/\",\"name\":\"L'Eglise interdit \u00e0 certains Chr\u00e9tiens l'acc\u00e8s \u00e0 l'Eucharistie - Elle compromet ainsi le Salut ! - Communion pour tous !\",\"isPartOf\":{\"@id\":\"http:\/\/communionpourtous.fr\/#website\"},\"primaryImageOfPage\":{\"@id\":\"http:\/\/communionpourtous.fr\/#primaryimage\"},\"image\":{\"@id\":\"http:\/\/communionpourtous.fr\/#primaryimage\"},\"thumbnailUrl\":\"http:\/\/communionpourtous.fr\/wp-content\/uploads\/2019\/08\/ob_6c6e67_cene-e1565977472151.jpg\",\"datePublished\":\"2019-08-13T08:26:26+00:00\",\"dateModified\":\"2024-08-22T14:39:08+00:00\",\"description\":\"L'Eglise exclut de l'Eucharistie certains chr\u00e9tiens (communion divorces remaries) en contradictionavec l'Evangile.Priez l'Evangile et prenez position.\",\"breadcrumb\":{\"@id\":\"http:\/\/communionpourtous.fr\/#breadcrumb\"},\"inLanguage\":\"fr-FR\",\"potentialAction\":[{\"@type\":\"ReadAction\",\"target\":[\"http:\/\/communionpourtous.fr\/\"]}]},{\"@type\":\"ImageObject\",\"inLanguage\":\"fr-FR\",\"@id\":\"http:\/\/communionpourtous.fr\/#primaryimage\",\"url\":\"https:\/\/communionpourtous.fr\/wp-content\/uploads\/2019\/08\/ob_6c6e67_cene-e1565977472151.jpg\",\"contentUrl\":\"https:\/\/communionpourtous.fr\/wp-content\/uploads\/2019\/08\/ob_6c6e67_cene-e1565977472151.jpg\",\"width\":600,\"height\":522},{\"@type\":\"BreadcrumbList\",\"@id\":\"http:\/\/communionpourtous.fr\/#breadcrumb\",\"itemListElement\":[{\"@type\":\"ListItem\",\"position\":1,\"name\":\"Accueil\",\"item\":\"http:\/\/communionpourtous.fr\/\"},{\"@type\":\"ListItem\",\"position\":2,\"name\":\"L&rsquo;Eglise interdit \u00e0 certains Chr\u00e9tiens l&rsquo;acc\u00e8s \u00e0 l&rsquo;Eucharistie &#8211; Elle compromet ainsi le Salut !\"}]},{\"@type\":\"WebSite\",\"@id\":\"http:\/\/communionpourtous.fr\/#website\",\"url\":\"http:\/\/communionpourtous.fr\/\",\"name\":\"Communion pour tous\",\"description\":\"\",\"publisher\":{\"@id\":\"http:\/\/communionpourtous.fr\/#organization\"},\"potentialAction\":[{\"@type\":\"SearchAction\",\"target\":{\"@type\":\"EntryPoint\",\"urlTemplate\":\"http:\/\/communionpourtous.fr\/?s={search_term_string}\"},\"query-input\":{\"@type\":\"PropertyValueSpecification\",\"valueRequired\":true,\"valueName\":\"search_term_string\"}}],\"inLanguage\":\"fr-FR\"},{\"@type\":\"Organization\",\"@id\":\"http:\/\/communionpourtous.fr\/#organization\",\"name\":\"Communion pour tous\",\"url\":\"http:\/\/communionpourtous.fr\/\",\"logo\":{\"@type\":\"ImageObject\",\"inLanguage\":\"fr-FR\",\"@id\":\"http:\/\/communionpourtous.fr\/#\/schema\/logo\/image\/\",\"url\":\"https:\/\/communionpourtous.fr\/wp-content\/uploads\/2019\/08\/cropped-ob_6c6e67_cene-e1565977472151.jpg\",\"contentUrl\":\"https:\/\/communionpourtous.fr\/wp-content\/uploads\/2019\/08\/cropped-ob_6c6e67_cene-e1565977472151.jpg\",\"width\":190,\"height\":190,\"caption\":\"Communion pour tous\"},\"image\":{\"@id\":\"http:\/\/communionpourtous.fr\/#\/schema\/logo\/image\/\"}}]}<\/script>\n<!-- \/ Yoast SEO plugin. -->","yoast_head_json":{"title":"L'Eglise interdit \u00e0 certains Chr\u00e9tiens l'acc\u00e8s \u00e0 l'Eucharistie - Elle compromet ainsi le Salut ! - Communion pour tous !","description":"L'Eglise exclut de l'Eucharistie certains chr\u00e9tiens (communion divorces remaries) en contradictionavec l'Evangile.Priez l'Evangile et prenez position.","robots":{"index":"index","follow":"follow","max-snippet":"max-snippet:-1","max-image-preview":"max-image-preview:large","max-video-preview":"max-video-preview:-1"},"canonical":"http:\/\/communionpourtous.fr\/","og_locale":"fr_FR","og_type":"article","og_title":"L'Eglise interdit \u00e0 certains Chr\u00e9tiens l'acc\u00e8s \u00e0 l'Eucharistie - Elle compromet ainsi le Salut ! - Communion pour tous !","og_description":"L'Eglise exclut de l'Eucharistie certains chr\u00e9tiens (communion divorces remaries) en contradictionavec l'Evangile.Priez l'Evangile et prenez position.","og_url":"http:\/\/communionpourtous.fr\/","og_site_name":"Communion pour tous !","article_modified_time":"2024-08-22T14:39:08+00:00","og_image":[{"url":"http:\/\/communionpourtous.fr\/wp-content\/uploads\/2019\/08\/ob_6c6e67_cene-e1565977472151.jpg"}],"twitter_card":"summary_large_image","twitter_misc":{"Dur\u00e9e de lecture estim\u00e9e":"1 minute"},"schema":{"@context":"https:\/\/schema.org","@graph":[{"@type":"WebPage","@id":"http:\/\/communionpourtous.fr\/","url":"http:\/\/communionpourtous.fr\/","name":"L'Eglise interdit \u00e0 certains Chr\u00e9tiens l'acc\u00e8s \u00e0 l'Eucharistie - Elle compromet ainsi le Salut ! - Communion pour tous !","isPartOf":{"@id":"http:\/\/communionpourtous.fr\/#website"},"primaryImageOfPage":{"@id":"http:\/\/communionpourtous.fr\/#primaryimage"},"image":{"@id":"http:\/\/communionpourtous.fr\/#primaryimage"},"thumbnailUrl":"http:\/\/communionpourtous.fr\/wp-content\/uploads\/2019\/08\/ob_6c6e67_cene-e1565977472151.jpg","datePublished":"2019-08-13T08:26:26+00:00","dateModified":"2024-08-22T14:39:08+00:00","description":"L'Eglise exclut de l'Eucharistie certains chr\u00e9tiens (communion divorces remaries) en contradictionavec l'Evangile.Priez l'Evangile et prenez position.","breadcrumb":{"@id":"http:\/\/communionpourtous.fr\/#breadcrumb"},"inLanguage":"fr-FR","potentialAction":[{"@type":"ReadAction","target":["http:\/\/communionpourtous.fr\/"]}]},{"@type":"ImageObject","inLanguage":"fr-FR","@id":"http:\/\/communionpourtous.fr\/#primaryimage","url":"https:\/\/communionpourtous.fr\/wp-content\/uploads\/2019\/08\/ob_6c6e67_cene-e1565977472151.jpg","contentUrl":"https:\/\/communionpourtous.fr\/wp-content\/uploads\/2019\/08\/ob_6c6e67_cene-e1565977472151.jpg","width":600,"height":522},{"@type":"BreadcrumbList","@id":"http:\/\/communionpourtous.fr\/#breadcrumb","itemListElement":[{"@type":"ListItem","position":1,"name":"Accueil","item":"http:\/\/communionpourtous.fr\/"},{"@type":"ListItem","position":2,"name":"L&rsquo;Eglise interdit \u00e0 certains Chr\u00e9tiens l&rsquo;acc\u00e8s \u00e0 l&rsquo;Eucharistie &#8211; Elle compromet ainsi le Salut !"}]},{"@type":"WebSite","@id":"http:\/\/communionpourtous.fr\/#website","url":"http:\/\/communionpourtous.fr\/","name":"Communion pour tous","description":"","publisher":{"@id":"http:\/\/communionpourtous.fr\/#organization"},"potentialAction":[{"@type":"SearchAction","target":{"@type":"EntryPoint","urlTemplate":"http:\/\/communionpourtous.fr\/?s={search_term_string}"},"query-input":{"@type":"PropertyValueSpecification","valueRequired":true,"valueName":"search_term_string"}}],"inLanguage":"fr-FR"},{"@type":"Organization","@id":"http:\/\/communionpourtous.fr\/#organization","name":"Communion pour tous","url":"http:\/\/communionpourtous.fr\/","logo":{"@type":"ImageObject","inLanguage":"fr-FR","@id":"http:\/\/communionpourtous.fr\/#\/schema\/logo\/image\/","url":"https:\/\/communionpourtous.fr\/wp-content\/uploads\/2019\/08\/cropped-ob_6c6e67_cene-e1565977472151.jpg","contentUrl":"https:\/\/communionpourtous.fr\/wp-content\/uploads\/2019\/08\/cropped-ob_6c6e67_cene-e1565977472151.jpg","width":190,"height":190,"caption":"Communion pour tous"},"image":{"@id":"http:\/\/communionpourtous.fr\/#\/schema\/logo\/image\/"}}]}},"_links":{"self":[{"href":"https:\/\/communionpourtous.fr\/index.php\/wp-json\/wp\/v2\/pages\/8"}],"collection":[{"href":"https:\/\/communionpourtous.fr\/index.php\/wp-json\/wp\/v2\/pages"}],"about":[{"href":"https:\/\/communionpourtous.fr\/index.php\/wp-json\/wp\/v2\/types\/page"}],"author":[{"embeddable":true,"href":"https:\/\/communionpourtous.fr\/index.php\/wp-json\/wp\/v2\/users\/1"}],"replies":[{"embeddable":true,"href":"https:\/\/communionpourtous.fr\/index.php\/wp-json\/wp\/v2\/comments?post=8"}],"version-history":[{"count":65,"href":"https:\/\/communionpourtous.fr\/index.php\/wp-json\/wp\/v2\/pages\/8\/revisions"}],"predecessor-version":[{"id":318,"href":"https:\/\/communionpourtous.fr\/index.php\/wp-json\/wp\/v2\/pages\/8\/revisions\/318"}],"wp:attachment":[{"href":"https:\/\/communionpourtous.fr\/index.php\/wp-json\/wp\/v2\/media?parent=8"}],"curies":[{"name":"wp","href":"https:\/\/api.w.org\/{rel}","templated":true}]}}