{"id":56,"date":"2019-08-16T17:49:39","date_gmt":"2019-08-16T15:49:39","guid":{"rendered":"http:\/\/communionpourtous.fr\/?page_id=56"},"modified":"2019-11-17T15:06:25","modified_gmt":"2019-11-17T14:06:25","slug":"la-preuve-par-la-communion-de-judas","status":"publish","type":"page","link":"https:\/\/communionpourtous.fr\/index.php\/la-preuve-par-la-communion-de-judas\/","title":{"rendered":"La preuve par la communion de Judas"},"content":{"rendered":"\n<figure class=\"wp-block-image\"><img loading=\"lazy\" decoding=\"async\" width=\"1024\" height=\"384\" src=\"http:\/\/communionpourtous.fr\/wp-content\/uploads\/2019\/11\/scenevinci-1-1024x384.jpg\" alt=\"\" class=\"wp-image-229\" srcset=\"https:\/\/communionpourtous.fr\/wp-content\/uploads\/2019\/11\/scenevinci-1-1024x384.jpg 1024w, https:\/\/communionpourtous.fr\/wp-content\/uploads\/2019\/11\/scenevinci-1-300x113.jpg 300w, https:\/\/communionpourtous.fr\/wp-content\/uploads\/2019\/11\/scenevinci-1-768x288.jpg 768w, https:\/\/communionpourtous.fr\/wp-content\/uploads\/2019\/11\/scenevinci-1.jpg 1200w\" sizes=\"(max-width: 1024px) 100vw, 1024px\" \/><\/figure>\n\n\n\n<p class=\"has-drop-cap\">attachons-nous&nbsp;&nbsp;maintenant \u00e0 ce qui devrait constituer le c\u0153ur de notre r\u00e9flexion sur l\u2019Eucharistie&nbsp;: la derni\u00e8re C\u00e8ne du Christ et comment le Christ y distribue le pain et le vin consacr\u00e9s, et en particulier \u00e0 Judas, p\u00e9cheur par excellence.&nbsp;&nbsp;<\/p>\n\n\n\n<p>Quand le Christ r\u00e9unit ses disciples, Judas a d\u00e9j\u00e0 d\u00e9cid\u00e9 de longue date de le livrer et n\u2019entends pas renoncer \u00e0 son forfait, puisqu\u2019il le commettra le soir-m\u00eame&nbsp;:<\/p>\n\n\n\n<p>Matthieu 26 15-16, \u00ab&nbsp;<em>Alors l&rsquo;un des Douze, appel\u00e9 Judas Iscariote, se rendit aupr\u00e8s des grands pr\u00eatres et leur dit: \u00ab\u00a0Que voulez-vous me donner, et moi je vous le livrerai?\u00a0\u00bb Ceux-ci lui vers\u00e8rent 30 pi\u00e8ces d&rsquo;argent. Et de ce moment il cherchait une occasion favorable pour le livrer.<\/em>&nbsp;\u00bb&nbsp;<\/p>\n\n\n\n<p>et Matthieu 26-47, \u00ab&nbsp;<em>Comme il parlait encore, voici Judas, l&rsquo;un des Douze, et avec lui une bande nombreuse arm\u00e9e de glaives et de b\u00e2tons, envoy\u00e9e par les grands pr\u00eatres et les anciens du peuple. Or le tra\u00eetre leur avait donn\u00e9 ce signe: \u00ab\u00a0Celui \u00e0 qui je donnerai un baiser, c&rsquo;est lui, arr\u00eatez-le.<\/em>\u00ab\u00a0<\/p>\n\n\n\n<p>Par ailleurs, le Christ reconna\u00eet lui-m\u00eame&nbsp;&nbsp;l\u2019\u00e9tat de p\u00e9ch\u00e9 absolu de Judas, puisqu\u2019au c\u0153ur m\u00eame de la C\u00e8ne, il prononce sa c\u00e9l\u00e8bre condamnation&nbsp;&nbsp;\u00ab&nbsp;<em>malheur \u00e0 cet homme-l\u00e0 par qui le Fils de l&rsquo;homme est livr\u00e9! Mieux e\u00fbt valu pour cet homme-l\u00e0 de ne pas na\u00eetre<\/em>&nbsp;\u00bb (Matthieu 26, 24), et J\u00e9sus devant les disciples d\u00e9signe nomm\u00e9ment Judas&nbsp;\u00ab&nbsp;<em>Serait-ce moi, Rabbi<\/em>\u00a0\u00bb &#8211; \u00ab\u00a0<em>Tu l&rsquo;as dit<\/em>\u00ab\u00a0, r\u00e9pond J\u00e9sus.&nbsp;\u00bb (Matthieu 26, 25)<\/p>\n\n\n\n<p>Judas est donc en \u00e9tat de p\u00e9ch\u00e9 mortel (intention de participer \u00e0 un D\u00e9icide), ce fait est connu de la communaut\u00e9 (puisque le Christ le dit aux ap\u00f4tres), et bien \u00e9videmment du c\u00e9l\u00e9brant lui-m\u00eame (le Christ). En application de l\u2019enseignement de l\u2019Eglise, le Christ, pr\u00eatre par excellence, devrait refuser \u00e0 Judas de communier.<\/p>\n\n\n\n<p>Et pourtant rien ne permet de dire qu\u2019il ne communie pas&nbsp;et l\u2019encha\u00eenement des \u00e9v\u00e9nements force m\u00eame \u00e0 croire le contraire :&nbsp;<\/p>\n\n\n\n<p>&#8211; <a href=\"https:\/\/www.aelf.org\/bible\/Mt\/26\">Matthieu&nbsp;chapitre 26<\/a> : au verset 25, Judas est pr\u00e9sent puisqu\u2019il parle au Christ (\u00ab&nbsp;<em>Serait-ce moi Rabbi<\/em>&nbsp;\u00bb). D\u00e8s le verset suivant (26) sans aucune mention d\u2019un d\u00e9part ou d\u2019un retrait de Judas,, le Christ institue l\u2019Eucharistie (\u00ab&nbsp;<em>prit du pain, le b\u00e9nit, le rompit et le donna aux disciples<\/em>&nbsp;\u00bb). Il eut \u00e9t\u00e9 facile \u00e0 l\u2019Evang\u00e9liste de dire ne serait-ce que le donna aux&nbsp;<em>autres<\/em> disciples, mais il ne fait pas. <\/p>\n\n\n\n<p>&#8211; <a href=\"https:\/\/www.aelf.org\/bible\/Mc\/14\">Marc chapitre 14<\/a>&nbsp;: au verset 20-21, J\u00e9sus d\u00e9signe qu\u2019un des douze le livrera. On peut comprendre au verset 20 \u00ab&nbsp;<em>C\u2019est l\u2019un des Douze, qui plonge avec moi la main dans le m\u00eame plat.<\/em>&nbsp;\u00bb, soit comme une d\u00e9signation explicite de Judas qui \u00e0 ce moment l\u00e0 mettrait sa main dans le plat soit comme un renforcement de la trahison (un des douze, qui mange avec moi me trahit). Dans les deux cas, au verset suivant (22), le Christ institue l\u00e0 aussi l\u2019Eucharistie sans que l\u2019Evang\u00e9liste ne mentionne le moindre retrait de Judas. Comme dans Matthieu, la Communion est donn\u00e9e indistinctement et collectivement aux disciples. Marc insiste m\u00eame en disant \u00ab&nbsp;<em>et ils en burent&nbsp;tous<\/em><a href=\"applewebdata:\/\/386FF770-9B36-405E-A90D-E5ECD5FFEDEE#_ftn1\"><sup><em><sup><strong>[<\/strong><\/sup><\/em><\/sup><\/a>\u00bb, ne laissant aucun doute sur la communion de Judas.<\/p>\n\n\n\n<p>&#8211; <a href=\"https:\/\/www.aelf.org\/bible\/Lc\/22\">Luc chapitre 22<\/a>. Le Christ institue d\u2019abord l\u2019Eucharistie (versets 19,20) et au verset suivant, le 21 il indique qu\u2019un des disciples le trahira<\/p>\n\n\n\n<p>Les trois synoptiques juxtaposent donc l\u2019institution de l\u2019Eucharistie et l\u2019annonce de la trahison sans aucun \u00e9v\u00e9nement entre les deux, dans deux d\u2019entre deux le Christ d\u00e9signe d\u2019abord Judas puis institue l\u2019Eucharistie et dans le troisi\u00e8me il institue d\u2019abord l\u2019Eucharistie puis annonce la trahison \u00e0 venir.<\/p>\n\n\n\n<p>Judas communie donc et c\u2019est le Christ lui-m\u00eame, devant Saint Pierre lui-m\u00eame qui lui donne cette communion. Lors de l\u2019institution de la communion, un des douze premiers communiants est donc en \u00e9tat de p\u00e9ch\u00e9 mortel, sans intention de repentir et sans volont\u00e9 de conversion.<br><\/p>\n<div class='watch-action'><div class='watch-position align-left'><div class='action-like'><a class='lbg-style3 like-56 jlk' href='javascript:void(0)' data-task='like' data-post_id='56' data-nonce='6526a22d6f' rel='nofollow'><img class='wti-pixel' src='https:\/\/communionpourtous.fr\/wp-content\/plugins\/wti-like-post\/images\/pixel.gif' title='d&#039;accord ' \/><span class='lc-56 lc'>+1<\/span><\/a><\/div><div class='action-unlike'><a class='unlbg-style3 unlike-56 jlk' href='javascript:void(0)' data-task='unlike' data-post_id='56' data-nonce='6526a22d6f' rel='nofollow'><img class='wti-pixel' src='https:\/\/communionpourtous.fr\/wp-content\/plugins\/wti-like-post\/images\/pixel.gif' title=' pas d&#039;accord' \/><span class='unlc-56 unlc'>-1<\/span><\/a><\/div> <\/div> <div class='status-56 status align-left'><\/div><\/div><div class='wti-clear'><\/div>","protected":false},"excerpt":{"rendered":"<p>attachons-nous&nbsp;&nbsp;maintenant \u00e0 ce qui devrait constituer le c\u0153ur de notre r\u00e9flexion sur l\u2019Eucharistie&nbsp;: la derni\u00e8re C\u00e8ne du Christ et comment le Christ y distribue le pain et le vin consacr\u00e9s, et en particulier \u00e0 Judas, p\u00e9cheur par excellence.&nbsp;&nbsp; Quand le Christ r\u00e9unit ses disciples, Judas a d\u00e9j\u00e0 d\u00e9cid\u00e9 de longue date de le livrer et [&hellip;]<\/p>\n","protected":false},"author":1,"featured_media":0,"parent":0,"menu_order":0,"comment_status":"open","ping_status":"closed","template":"","meta":{"om_disable_all_campaigns":false,"_monsterinsights_skip_tracking":false,"_monsterinsights_sitenote_active":false,"_monsterinsights_sitenote_note":"","_monsterinsights_sitenote_category":0,"_uf_show_specific_survey":0,"_uf_disable_surveys":false,"footnotes":""},"class_list":["post-56","page","type-page","status-publish","hentry","entry"],"aioseo_notices":[],"yoast_head":"<!-- This site is optimized with the Yoast SEO plugin v23.6 - https:\/\/yoast.com\/wordpress\/plugins\/seo\/ -->\n<title>La preuve par la communion de Judas - Communion pour tous !<\/title>\n<meta name=\"robots\" content=\"index, follow, max-snippet:-1, max-image-preview:large, max-video-preview:-1\" \/>\n<link rel=\"canonical\" href=\"http:\/\/communionpourtous.fr\/index.php\/la-preuve-par-la-communion-de-judas\/\" \/>\n<meta property=\"og:locale\" content=\"fr_FR\" \/>\n<meta property=\"og:type\" content=\"article\" \/>\n<meta property=\"og:title\" content=\"La preuve par la communion de Judas - Communion pour tous !\" \/>\n<meta property=\"og:description\" content=\"attachons-nous&nbsp;&nbsp;maintenant \u00e0 ce qui devrait constituer le c\u0153ur de notre r\u00e9flexion sur l\u2019Eucharistie&nbsp;: la derni\u00e8re C\u00e8ne du Christ et comment le Christ y distribue le pain et le vin consacr\u00e9s, et en particulier \u00e0 Judas, p\u00e9cheur par excellence.&nbsp;&nbsp; Quand le Christ r\u00e9unit ses disciples, Judas a d\u00e9j\u00e0 d\u00e9cid\u00e9 de longue date de le livrer et [&hellip;]\" \/>\n<meta property=\"og:url\" content=\"http:\/\/communionpourtous.fr\/index.php\/la-preuve-par-la-communion-de-judas\/\" \/>\n<meta property=\"og:site_name\" content=\"Communion pour tous !\" \/>\n<meta property=\"article:modified_time\" content=\"2019-11-17T14:06:25+00:00\" \/>\n<meta property=\"og:image\" content=\"http:\/\/communionpourtous.fr\/wp-content\/uploads\/2019\/11\/scenevinci-1-1024x384.jpg\" \/>\n<meta name=\"twitter:card\" content=\"summary_large_image\" \/>\n<meta name=\"twitter:label1\" content=\"Dur\u00e9e de lecture estim\u00e9e\" \/>\n\t<meta name=\"twitter:data1\" content=\"4 minutes\" \/>\n<script type=\"application\/ld+json\" class=\"yoast-schema-graph\">{\"@context\":\"https:\/\/schema.org\",\"@graph\":[{\"@type\":\"WebPage\",\"@id\":\"http:\/\/communionpourtous.fr\/index.php\/la-preuve-par-la-communion-de-judas\/\",\"url\":\"http:\/\/communionpourtous.fr\/index.php\/la-preuve-par-la-communion-de-judas\/\",\"name\":\"La preuve par la communion de Judas - Communion pour tous !\",\"isPartOf\":{\"@id\":\"http:\/\/communionpourtous.fr\/#website\"},\"primaryImageOfPage\":{\"@id\":\"http:\/\/communionpourtous.fr\/index.php\/la-preuve-par-la-communion-de-judas\/#primaryimage\"},\"image\":{\"@id\":\"http:\/\/communionpourtous.fr\/index.php\/la-preuve-par-la-communion-de-judas\/#primaryimage\"},\"thumbnailUrl\":\"http:\/\/communionpourtous.fr\/wp-content\/uploads\/2019\/11\/scenevinci-1-1024x384.jpg\",\"datePublished\":\"2019-08-16T15:49:39+00:00\",\"dateModified\":\"2019-11-17T14:06:25+00:00\",\"breadcrumb\":{\"@id\":\"http:\/\/communionpourtous.fr\/index.php\/la-preuve-par-la-communion-de-judas\/#breadcrumb\"},\"inLanguage\":\"fr-FR\",\"potentialAction\":[{\"@type\":\"ReadAction\",\"target\":[\"http:\/\/communionpourtous.fr\/index.php\/la-preuve-par-la-communion-de-judas\/\"]}]},{\"@type\":\"ImageObject\",\"inLanguage\":\"fr-FR\",\"@id\":\"http:\/\/communionpourtous.fr\/index.php\/la-preuve-par-la-communion-de-judas\/#primaryimage\",\"url\":\"http:\/\/communionpourtous.fr\/wp-content\/uploads\/2019\/11\/scenevinci-1-1024x384.jpg\",\"contentUrl\":\"http:\/\/communionpourtous.fr\/wp-content\/uploads\/2019\/11\/scenevinci-1-1024x384.jpg\"},{\"@type\":\"BreadcrumbList\",\"@id\":\"http:\/\/communionpourtous.fr\/index.php\/la-preuve-par-la-communion-de-judas\/#breadcrumb\",\"itemListElement\":[{\"@type\":\"ListItem\",\"position\":1,\"name\":\"Accueil\",\"item\":\"http:\/\/communionpourtous.fr\/\"},{\"@type\":\"ListItem\",\"position\":2,\"name\":\"La preuve par la communion de Judas\"}]},{\"@type\":\"WebSite\",\"@id\":\"http:\/\/communionpourtous.fr\/#website\",\"url\":\"http:\/\/communionpourtous.fr\/\",\"name\":\"Communion pour tous\",\"description\":\"\",\"publisher\":{\"@id\":\"http:\/\/communionpourtous.fr\/#organization\"},\"potentialAction\":[{\"@type\":\"SearchAction\",\"target\":{\"@type\":\"EntryPoint\",\"urlTemplate\":\"http:\/\/communionpourtous.fr\/?s={search_term_string}\"},\"query-input\":{\"@type\":\"PropertyValueSpecification\",\"valueRequired\":true,\"valueName\":\"search_term_string\"}}],\"inLanguage\":\"fr-FR\"},{\"@type\":\"Organization\",\"@id\":\"http:\/\/communionpourtous.fr\/#organization\",\"name\":\"Communion pour tous\",\"url\":\"http:\/\/communionpourtous.fr\/\",\"logo\":{\"@type\":\"ImageObject\",\"inLanguage\":\"fr-FR\",\"@id\":\"http:\/\/communionpourtous.fr\/#\/schema\/logo\/image\/\",\"url\":\"https:\/\/communionpourtous.fr\/wp-content\/uploads\/2019\/08\/cropped-ob_6c6e67_cene-e1565977472151.jpg\",\"contentUrl\":\"https:\/\/communionpourtous.fr\/wp-content\/uploads\/2019\/08\/cropped-ob_6c6e67_cene-e1565977472151.jpg\",\"width\":190,\"height\":190,\"caption\":\"Communion pour tous\"},\"image\":{\"@id\":\"http:\/\/communionpourtous.fr\/#\/schema\/logo\/image\/\"}}]}<\/script>\n<!-- \/ Yoast SEO plugin. -->","yoast_head_json":{"title":"La preuve par la communion de Judas - Communion pour tous !","robots":{"index":"index","follow":"follow","max-snippet":"max-snippet:-1","max-image-preview":"max-image-preview:large","max-video-preview":"max-video-preview:-1"},"canonical":"http:\/\/communionpourtous.fr\/index.php\/la-preuve-par-la-communion-de-judas\/","og_locale":"fr_FR","og_type":"article","og_title":"La preuve par la communion de Judas - Communion pour tous !","og_description":"attachons-nous&nbsp;&nbsp;maintenant \u00e0 ce qui devrait constituer le c\u0153ur de notre r\u00e9flexion sur l\u2019Eucharistie&nbsp;: la derni\u00e8re C\u00e8ne du Christ et comment le Christ y distribue le pain et le vin consacr\u00e9s, et en particulier \u00e0 Judas, p\u00e9cheur par excellence.&nbsp;&nbsp; Quand le Christ r\u00e9unit ses disciples, Judas a d\u00e9j\u00e0 d\u00e9cid\u00e9 de longue date de le livrer et [&hellip;]","og_url":"http:\/\/communionpourtous.fr\/index.php\/la-preuve-par-la-communion-de-judas\/","og_site_name":"Communion pour tous !","article_modified_time":"2019-11-17T14:06:25+00:00","og_image":[{"url":"http:\/\/communionpourtous.fr\/wp-content\/uploads\/2019\/11\/scenevinci-1-1024x384.jpg"}],"twitter_card":"summary_large_image","twitter_misc":{"Dur\u00e9e de lecture estim\u00e9e":"4 minutes"},"schema":{"@context":"https:\/\/schema.org","@graph":[{"@type":"WebPage","@id":"http:\/\/communionpourtous.fr\/index.php\/la-preuve-par-la-communion-de-judas\/","url":"http:\/\/communionpourtous.fr\/index.php\/la-preuve-par-la-communion-de-judas\/","name":"La preuve par la communion de Judas - Communion pour tous !","isPartOf":{"@id":"http:\/\/communionpourtous.fr\/#website"},"primaryImageOfPage":{"@id":"http:\/\/communionpourtous.fr\/index.php\/la-preuve-par-la-communion-de-judas\/#primaryimage"},"image":{"@id":"http:\/\/communionpourtous.fr\/index.php\/la-preuve-par-la-communion-de-judas\/#primaryimage"},"thumbnailUrl":"http:\/\/communionpourtous.fr\/wp-content\/uploads\/2019\/11\/scenevinci-1-1024x384.jpg","datePublished":"2019-08-16T15:49:39+00:00","dateModified":"2019-11-17T14:06:25+00:00","breadcrumb":{"@id":"http:\/\/communionpourtous.fr\/index.php\/la-preuve-par-la-communion-de-judas\/#breadcrumb"},"inLanguage":"fr-FR","potentialAction":[{"@type":"ReadAction","target":["http:\/\/communionpourtous.fr\/index.php\/la-preuve-par-la-communion-de-judas\/"]}]},{"@type":"ImageObject","inLanguage":"fr-FR","@id":"http:\/\/communionpourtous.fr\/index.php\/la-preuve-par-la-communion-de-judas\/#primaryimage","url":"http:\/\/communionpourtous.fr\/wp-content\/uploads\/2019\/11\/scenevinci-1-1024x384.jpg","contentUrl":"http:\/\/communionpourtous.fr\/wp-content\/uploads\/2019\/11\/scenevinci-1-1024x384.jpg"},{"@type":"BreadcrumbList","@id":"http:\/\/communionpourtous.fr\/index.php\/la-preuve-par-la-communion-de-judas\/#breadcrumb","itemListElement":[{"@type":"ListItem","position":1,"name":"Accueil","item":"http:\/\/communionpourtous.fr\/"},{"@type":"ListItem","position":2,"name":"La preuve par la communion de Judas"}]},{"@type":"WebSite","@id":"http:\/\/communionpourtous.fr\/#website","url":"http:\/\/communionpourtous.fr\/","name":"Communion pour tous","description":"","publisher":{"@id":"http:\/\/communionpourtous.fr\/#organization"},"potentialAction":[{"@type":"SearchAction","target":{"@type":"EntryPoint","urlTemplate":"http:\/\/communionpourtous.fr\/?s={search_term_string}"},"query-input":{"@type":"PropertyValueSpecification","valueRequired":true,"valueName":"search_term_string"}}],"inLanguage":"fr-FR"},{"@type":"Organization","@id":"http:\/\/communionpourtous.fr\/#organization","name":"Communion pour tous","url":"http:\/\/communionpourtous.fr\/","logo":{"@type":"ImageObject","inLanguage":"fr-FR","@id":"http:\/\/communionpourtous.fr\/#\/schema\/logo\/image\/","url":"https:\/\/communionpourtous.fr\/wp-content\/uploads\/2019\/08\/cropped-ob_6c6e67_cene-e1565977472151.jpg","contentUrl":"https:\/\/communionpourtous.fr\/wp-content\/uploads\/2019\/08\/cropped-ob_6c6e67_cene-e1565977472151.jpg","width":190,"height":190,"caption":"Communion pour tous"},"image":{"@id":"http:\/\/communionpourtous.fr\/#\/schema\/logo\/image\/"}}]}},"_links":{"self":[{"href":"https:\/\/communionpourtous.fr\/index.php\/wp-json\/wp\/v2\/pages\/56"}],"collection":[{"href":"https:\/\/communionpourtous.fr\/index.php\/wp-json\/wp\/v2\/pages"}],"about":[{"href":"https:\/\/communionpourtous.fr\/index.php\/wp-json\/wp\/v2\/types\/page"}],"author":[{"embeddable":true,"href":"https:\/\/communionpourtous.fr\/index.php\/wp-json\/wp\/v2\/users\/1"}],"replies":[{"embeddable":true,"href":"https:\/\/communionpourtous.fr\/index.php\/wp-json\/wp\/v2\/comments?post=56"}],"version-history":[{"count":10,"href":"https:\/\/communionpourtous.fr\/index.php\/wp-json\/wp\/v2\/pages\/56\/revisions"}],"predecessor-version":[{"id":230,"href":"https:\/\/communionpourtous.fr\/index.php\/wp-json\/wp\/v2\/pages\/56\/revisions\/230"}],"wp:attachment":[{"href":"https:\/\/communionpourtous.fr\/index.php\/wp-json\/wp\/v2\/media?parent=56"}],"curies":[{"name":"wp","href":"https:\/\/api.w.org\/{rel}","templated":true}]}}