{"id":49,"date":"2019-08-16T17:43:09","date_gmt":"2019-08-16T15:43:09","guid":{"rendered":"http:\/\/communionpourtous.fr\/?page_id=49"},"modified":"2019-11-17T14:40:25","modified_gmt":"2019-11-17T13:40:25","slug":"la-preuve-par-le-bapteme-de-jean-baptiste","status":"publish","type":"page","link":"https:\/\/communionpourtous.fr\/index.php\/la-preuve-par-le-bapteme-de-jean-baptiste\/","title":{"rendered":"La preuve par le bapt\u00eame de Jean-Baptiste"},"content":{"rendered":"\n<div class=\"wp-block-image\"><figure class=\"aligncenter\"><img loading=\"lazy\" decoding=\"async\" width=\"300\" height=\"281\" src=\"http:\/\/communionpourtous.fr\/wp-content\/uploads\/2019\/11\/Giotto-fresque-chapelle-Scrovegni-lArena-Padoue-1306_0_728_683-300x281.jpg\" alt=\"\" class=\"wp-image-217\" srcset=\"https:\/\/communionpourtous.fr\/wp-content\/uploads\/2019\/11\/Giotto-fresque-chapelle-Scrovegni-lArena-Padoue-1306_0_728_683-300x281.jpg 300w, https:\/\/communionpourtous.fr\/wp-content\/uploads\/2019\/11\/Giotto-fresque-chapelle-Scrovegni-lArena-Padoue-1306_0_728_683.jpg 728w\" sizes=\"(max-width: 300px) 100vw, 300px\" \/><\/figure><\/div>\n\n\n\n<p class=\"has-drop-cap\">D\u00e8s les premi\u00e8res pages de l\u2019Evangile selon Saint Matthieu (<a href=\"https:\/\/www.aelf.org\/bible\/Mt\/3\">Matthieu 3<\/a>,11), l\u2019ordre des \u00e9v\u00e9nements est affirm\u00e9 par Jean-Baptiste qui dit aux foules qui viennent le voir&nbsp;<em>\u00ab&nbsp;Pour moi, je vous baptise dans de l&rsquo;eau en vue du repentir&nbsp;\u00bb<\/em>et non pas \u00ab&nbsp;Repentissez-vous, je vous baptiserai ensuite&nbsp;\u00bb.<\/p>\n\n\n\n<p>Le bapt\u00eame est donn\u00e9 avant le repentir et la conversion mais c\u2019est bien la conversion et le repentir que demande et esp\u00e8re Jean-Baptiste. Le programme n\u2019est pas moins ambitieux ou moins difficile, mais commence par le bapt\u00eame et pas par le rejet des p\u00e9ch\u00e9s.<\/p>\n\n\n\n<p>Ce s\u00e9quencement ne r\u00e9duit en rien les attentes du Baptiste, et il produit toujours un discours fort sur l\u2019engagement qu\u2019il attend, (Matthieu 3,7) : \u00ab&nbsp;<em>Comme il voyait beaucoup de Pharisiens et de Sadduc\u00e9ens venir au bapt\u00eame, il leur dit: \u00ab\u00a0Engeance de vip\u00e8res, qui vous a sugg\u00e9r\u00e9 d&rsquo;\u00e9chapper \u00e0 la Col\u00e8re prochaine? Produisez donc un fruit digne du repentir&nbsp;<\/em>\u00bb.&nbsp;<\/p>\n\n\n\n<p>Jean ainsi nous enseigne que le sacrement est n\u00e9cessaire \u00e0 la conversion et que la conversion doit suivre le sacrement. L\u2019homme ne peut rien sans le sacrement, mais le sacrement ne suffit pas. Et, en s\u2019appuyant sur la force re\u00e7ue du sacrement, l\u2019homme doit se convertir pour r\u00e9pondre \u00e0 l\u2019appel du Seigneur. Demander la conversion, sans l\u2019appui du Sacrement est un programme trop difficile.<\/p>\n<div class='watch-action'><div class='watch-position align-left'><div class='action-like'><a class='lbg-style3 like-49 jlk' href='javascript:void(0)' data-task='like' data-post_id='49' data-nonce='6526a22d6f' rel='nofollow'><img class='wti-pixel' src='https:\/\/communionpourtous.fr\/wp-content\/plugins\/wti-like-post\/images\/pixel.gif' title='d&#039;accord ' \/><span class='lc-49 lc'>+4<\/span><\/a><\/div><div class='action-unlike'><a class='unlbg-style3 unlike-49 jlk' href='javascript:void(0)' data-task='unlike' data-post_id='49' data-nonce='6526a22d6f' rel='nofollow'><img class='wti-pixel' src='https:\/\/communionpourtous.fr\/wp-content\/plugins\/wti-like-post\/images\/pixel.gif' title=' pas d&#039;accord' \/><span class='unlc-49 unlc'>-2<\/span><\/a><\/div> <\/div> <div class='status-49 status align-left'><\/div><\/div><div class='wti-clear'><\/div>","protected":false},"excerpt":{"rendered":"<p>D\u00e8s les premi\u00e8res pages de l\u2019Evangile selon Saint Matthieu (Matthieu 3,11), l\u2019ordre des \u00e9v\u00e9nements est affirm\u00e9 par Jean-Baptiste qui dit aux foules qui viennent le voir&nbsp;\u00ab&nbsp;Pour moi, je vous baptise dans de l&rsquo;eau en vue du repentir&nbsp;\u00bbet non pas \u00ab&nbsp;Repentissez-vous, je vous baptiserai ensuite&nbsp;\u00bb. Le bapt\u00eame est donn\u00e9 avant le repentir et la conversion mais [&hellip;]<\/p>\n","protected":false},"author":1,"featured_media":0,"parent":0,"menu_order":0,"comment_status":"open","ping_status":"closed","template":"","meta":{"om_disable_all_campaigns":false,"_monsterinsights_skip_tracking":false,"_monsterinsights_sitenote_active":false,"_monsterinsights_sitenote_note":"","_monsterinsights_sitenote_category":0,"_uf_show_specific_survey":0,"_uf_disable_surveys":false,"footnotes":""},"class_list":["post-49","page","type-page","status-publish","hentry","entry"],"aioseo_notices":[],"yoast_head":"<!-- This site is optimized with the Yoast SEO plugin v23.6 - https:\/\/yoast.com\/wordpress\/plugins\/seo\/ -->\n<title>La preuve par le bapt\u00eame de Jean-Baptiste - Communion pour tous !<\/title>\n<meta name=\"robots\" content=\"index, follow, max-snippet:-1, max-image-preview:large, max-video-preview:-1\" \/>\n<link rel=\"canonical\" href=\"http:\/\/communionpourtous.fr\/index.php\/la-preuve-par-le-bapteme-de-jean-baptiste\/\" \/>\n<meta property=\"og:locale\" content=\"fr_FR\" \/>\n<meta property=\"og:type\" content=\"article\" \/>\n<meta property=\"og:title\" content=\"La preuve par le bapt\u00eame de Jean-Baptiste - Communion pour tous !\" \/>\n<meta property=\"og:description\" content=\"D\u00e8s les premi\u00e8res pages de l\u2019Evangile selon Saint Matthieu (Matthieu 3,11), l\u2019ordre des \u00e9v\u00e9nements est affirm\u00e9 par Jean-Baptiste qui dit aux foules qui viennent le voir&nbsp;\u00ab&nbsp;Pour moi, je vous baptise dans de l&rsquo;eau en vue du repentir&nbsp;\u00bbet non pas \u00ab&nbsp;Repentissez-vous, je vous baptiserai ensuite&nbsp;\u00bb. Le bapt\u00eame est donn\u00e9 avant le repentir et la conversion mais [&hellip;]\" \/>\n<meta property=\"og:url\" content=\"http:\/\/communionpourtous.fr\/index.php\/la-preuve-par-le-bapteme-de-jean-baptiste\/\" \/>\n<meta property=\"og:site_name\" content=\"Communion pour tous !\" \/>\n<meta property=\"article:modified_time\" content=\"2019-11-17T13:40:25+00:00\" \/>\n<meta property=\"og:image\" content=\"http:\/\/communionpourtous.fr\/wp-content\/uploads\/2019\/11\/Giotto-fresque-chapelle-Scrovegni-lArena-Padoue-1306_0_728_683-300x281.jpg\" \/>\n<meta name=\"twitter:card\" content=\"summary_large_image\" \/>\n<meta name=\"twitter:label1\" content=\"Dur\u00e9e de lecture estim\u00e9e\" \/>\n\t<meta name=\"twitter:data1\" content=\"1 minute\" \/>\n<script type=\"application\/ld+json\" class=\"yoast-schema-graph\">{\"@context\":\"https:\/\/schema.org\",\"@graph\":[{\"@type\":\"WebPage\",\"@id\":\"http:\/\/communionpourtous.fr\/index.php\/la-preuve-par-le-bapteme-de-jean-baptiste\/\",\"url\":\"http:\/\/communionpourtous.fr\/index.php\/la-preuve-par-le-bapteme-de-jean-baptiste\/\",\"name\":\"La preuve par le bapt\u00eame de Jean-Baptiste - Communion pour tous !\",\"isPartOf\":{\"@id\":\"http:\/\/communionpourtous.fr\/#website\"},\"primaryImageOfPage\":{\"@id\":\"http:\/\/communionpourtous.fr\/index.php\/la-preuve-par-le-bapteme-de-jean-baptiste\/#primaryimage\"},\"image\":{\"@id\":\"http:\/\/communionpourtous.fr\/index.php\/la-preuve-par-le-bapteme-de-jean-baptiste\/#primaryimage\"},\"thumbnailUrl\":\"http:\/\/communionpourtous.fr\/wp-content\/uploads\/2019\/11\/Giotto-fresque-chapelle-Scrovegni-lArena-Padoue-1306_0_728_683-300x281.jpg\",\"datePublished\":\"2019-08-16T15:43:09+00:00\",\"dateModified\":\"2019-11-17T13:40:25+00:00\",\"breadcrumb\":{\"@id\":\"http:\/\/communionpourtous.fr\/index.php\/la-preuve-par-le-bapteme-de-jean-baptiste\/#breadcrumb\"},\"inLanguage\":\"fr-FR\",\"potentialAction\":[{\"@type\":\"ReadAction\",\"target\":[\"http:\/\/communionpourtous.fr\/index.php\/la-preuve-par-le-bapteme-de-jean-baptiste\/\"]}]},{\"@type\":\"ImageObject\",\"inLanguage\":\"fr-FR\",\"@id\":\"http:\/\/communionpourtous.fr\/index.php\/la-preuve-par-le-bapteme-de-jean-baptiste\/#primaryimage\",\"url\":\"http:\/\/communionpourtous.fr\/wp-content\/uploads\/2019\/11\/Giotto-fresque-chapelle-Scrovegni-lArena-Padoue-1306_0_728_683-300x281.jpg\",\"contentUrl\":\"http:\/\/communionpourtous.fr\/wp-content\/uploads\/2019\/11\/Giotto-fresque-chapelle-Scrovegni-lArena-Padoue-1306_0_728_683-300x281.jpg\"},{\"@type\":\"BreadcrumbList\",\"@id\":\"http:\/\/communionpourtous.fr\/index.php\/la-preuve-par-le-bapteme-de-jean-baptiste\/#breadcrumb\",\"itemListElement\":[{\"@type\":\"ListItem\",\"position\":1,\"name\":\"Accueil\",\"item\":\"http:\/\/communionpourtous.fr\/\"},{\"@type\":\"ListItem\",\"position\":2,\"name\":\"La preuve par le bapt\u00eame de Jean-Baptiste\"}]},{\"@type\":\"WebSite\",\"@id\":\"http:\/\/communionpourtous.fr\/#website\",\"url\":\"http:\/\/communionpourtous.fr\/\",\"name\":\"Communion pour tous\",\"description\":\"\",\"publisher\":{\"@id\":\"http:\/\/communionpourtous.fr\/#organization\"},\"potentialAction\":[{\"@type\":\"SearchAction\",\"target\":{\"@type\":\"EntryPoint\",\"urlTemplate\":\"http:\/\/communionpourtous.fr\/?s={search_term_string}\"},\"query-input\":{\"@type\":\"PropertyValueSpecification\",\"valueRequired\":true,\"valueName\":\"search_term_string\"}}],\"inLanguage\":\"fr-FR\"},{\"@type\":\"Organization\",\"@id\":\"http:\/\/communionpourtous.fr\/#organization\",\"name\":\"Communion pour tous\",\"url\":\"http:\/\/communionpourtous.fr\/\",\"logo\":{\"@type\":\"ImageObject\",\"inLanguage\":\"fr-FR\",\"@id\":\"http:\/\/communionpourtous.fr\/#\/schema\/logo\/image\/\",\"url\":\"https:\/\/communionpourtous.fr\/wp-content\/uploads\/2019\/08\/cropped-ob_6c6e67_cene-e1565977472151.jpg\",\"contentUrl\":\"https:\/\/communionpourtous.fr\/wp-content\/uploads\/2019\/08\/cropped-ob_6c6e67_cene-e1565977472151.jpg\",\"width\":190,\"height\":190,\"caption\":\"Communion pour tous\"},\"image\":{\"@id\":\"http:\/\/communionpourtous.fr\/#\/schema\/logo\/image\/\"}}]}<\/script>\n<!-- \/ Yoast SEO plugin. -->","yoast_head_json":{"title":"La preuve par le bapt\u00eame de Jean-Baptiste - Communion pour tous !","robots":{"index":"index","follow":"follow","max-snippet":"max-snippet:-1","max-image-preview":"max-image-preview:large","max-video-preview":"max-video-preview:-1"},"canonical":"http:\/\/communionpourtous.fr\/index.php\/la-preuve-par-le-bapteme-de-jean-baptiste\/","og_locale":"fr_FR","og_type":"article","og_title":"La preuve par le bapt\u00eame de Jean-Baptiste - Communion pour tous !","og_description":"D\u00e8s les premi\u00e8res pages de l\u2019Evangile selon Saint Matthieu (Matthieu 3,11), l\u2019ordre des \u00e9v\u00e9nements est affirm\u00e9 par Jean-Baptiste qui dit aux foules qui viennent le voir&nbsp;\u00ab&nbsp;Pour moi, je vous baptise dans de l&rsquo;eau en vue du repentir&nbsp;\u00bbet non pas \u00ab&nbsp;Repentissez-vous, je vous baptiserai ensuite&nbsp;\u00bb. Le bapt\u00eame est donn\u00e9 avant le repentir et la conversion mais [&hellip;]","og_url":"http:\/\/communionpourtous.fr\/index.php\/la-preuve-par-le-bapteme-de-jean-baptiste\/","og_site_name":"Communion pour tous !","article_modified_time":"2019-11-17T13:40:25+00:00","og_image":[{"url":"http:\/\/communionpourtous.fr\/wp-content\/uploads\/2019\/11\/Giotto-fresque-chapelle-Scrovegni-lArena-Padoue-1306_0_728_683-300x281.jpg"}],"twitter_card":"summary_large_image","twitter_misc":{"Dur\u00e9e de lecture estim\u00e9e":"1 minute"},"schema":{"@context":"https:\/\/schema.org","@graph":[{"@type":"WebPage","@id":"http:\/\/communionpourtous.fr\/index.php\/la-preuve-par-le-bapteme-de-jean-baptiste\/","url":"http:\/\/communionpourtous.fr\/index.php\/la-preuve-par-le-bapteme-de-jean-baptiste\/","name":"La preuve par le bapt\u00eame de Jean-Baptiste - Communion pour tous !","isPartOf":{"@id":"http:\/\/communionpourtous.fr\/#website"},"primaryImageOfPage":{"@id":"http:\/\/communionpourtous.fr\/index.php\/la-preuve-par-le-bapteme-de-jean-baptiste\/#primaryimage"},"image":{"@id":"http:\/\/communionpourtous.fr\/index.php\/la-preuve-par-le-bapteme-de-jean-baptiste\/#primaryimage"},"thumbnailUrl":"http:\/\/communionpourtous.fr\/wp-content\/uploads\/2019\/11\/Giotto-fresque-chapelle-Scrovegni-lArena-Padoue-1306_0_728_683-300x281.jpg","datePublished":"2019-08-16T15:43:09+00:00","dateModified":"2019-11-17T13:40:25+00:00","breadcrumb":{"@id":"http:\/\/communionpourtous.fr\/index.php\/la-preuve-par-le-bapteme-de-jean-baptiste\/#breadcrumb"},"inLanguage":"fr-FR","potentialAction":[{"@type":"ReadAction","target":["http:\/\/communionpourtous.fr\/index.php\/la-preuve-par-le-bapteme-de-jean-baptiste\/"]}]},{"@type":"ImageObject","inLanguage":"fr-FR","@id":"http:\/\/communionpourtous.fr\/index.php\/la-preuve-par-le-bapteme-de-jean-baptiste\/#primaryimage","url":"http:\/\/communionpourtous.fr\/wp-content\/uploads\/2019\/11\/Giotto-fresque-chapelle-Scrovegni-lArena-Padoue-1306_0_728_683-300x281.jpg","contentUrl":"http:\/\/communionpourtous.fr\/wp-content\/uploads\/2019\/11\/Giotto-fresque-chapelle-Scrovegni-lArena-Padoue-1306_0_728_683-300x281.jpg"},{"@type":"BreadcrumbList","@id":"http:\/\/communionpourtous.fr\/index.php\/la-preuve-par-le-bapteme-de-jean-baptiste\/#breadcrumb","itemListElement":[{"@type":"ListItem","position":1,"name":"Accueil","item":"http:\/\/communionpourtous.fr\/"},{"@type":"ListItem","position":2,"name":"La preuve par le bapt\u00eame de Jean-Baptiste"}]},{"@type":"WebSite","@id":"http:\/\/communionpourtous.fr\/#website","url":"http:\/\/communionpourtous.fr\/","name":"Communion pour tous","description":"","publisher":{"@id":"http:\/\/communionpourtous.fr\/#organization"},"potentialAction":[{"@type":"SearchAction","target":{"@type":"EntryPoint","urlTemplate":"http:\/\/communionpourtous.fr\/?s={search_term_string}"},"query-input":{"@type":"PropertyValueSpecification","valueRequired":true,"valueName":"search_term_string"}}],"inLanguage":"fr-FR"},{"@type":"Organization","@id":"http:\/\/communionpourtous.fr\/#organization","name":"Communion pour tous","url":"http:\/\/communionpourtous.fr\/","logo":{"@type":"ImageObject","inLanguage":"fr-FR","@id":"http:\/\/communionpourtous.fr\/#\/schema\/logo\/image\/","url":"https:\/\/communionpourtous.fr\/wp-content\/uploads\/2019\/08\/cropped-ob_6c6e67_cene-e1565977472151.jpg","contentUrl":"https:\/\/communionpourtous.fr\/wp-content\/uploads\/2019\/08\/cropped-ob_6c6e67_cene-e1565977472151.jpg","width":190,"height":190,"caption":"Communion pour tous"},"image":{"@id":"http:\/\/communionpourtous.fr\/#\/schema\/logo\/image\/"}}]}},"_links":{"self":[{"href":"https:\/\/communionpourtous.fr\/index.php\/wp-json\/wp\/v2\/pages\/49"}],"collection":[{"href":"https:\/\/communionpourtous.fr\/index.php\/wp-json\/wp\/v2\/pages"}],"about":[{"href":"https:\/\/communionpourtous.fr\/index.php\/wp-json\/wp\/v2\/types\/page"}],"author":[{"embeddable":true,"href":"https:\/\/communionpourtous.fr\/index.php\/wp-json\/wp\/v2\/users\/1"}],"replies":[{"embeddable":true,"href":"https:\/\/communionpourtous.fr\/index.php\/wp-json\/wp\/v2\/comments?post=49"}],"version-history":[{"count":5,"href":"https:\/\/communionpourtous.fr\/index.php\/wp-json\/wp\/v2\/pages\/49\/revisions"}],"predecessor-version":[{"id":220,"href":"https:\/\/communionpourtous.fr\/index.php\/wp-json\/wp\/v2\/pages\/49\/revisions\/220"}],"wp:attachment":[{"href":"https:\/\/communionpourtous.fr\/index.php\/wp-json\/wp\/v2\/media?parent=49"}],"curies":[{"name":"wp","href":"https:\/\/api.w.org\/{rel}","templated":true}]}}