{"id":47,"date":"2019-08-16T17:42:07","date_gmt":"2019-08-16T15:42:07","guid":{"rendered":"http:\/\/communionpourtous.fr\/?page_id=47"},"modified":"2019-11-17T15:08:48","modified_gmt":"2019-11-17T14:08:48","slug":"le-christ-nattend-pas-la-conversion-pour-appeler","status":"publish","type":"page","link":"https:\/\/communionpourtous.fr\/index.php\/le-christ-nattend-pas-la-conversion-pour-appeler\/","title":{"rendered":"Le Christ n&rsquo;attend pas la conversion ou le repentir pour appeler"},"content":{"rendered":"\n<div class=\"wp-block-image\"><figure class=\"aligncenter\"><img loading=\"lazy\" decoding=\"async\" width=\"213\" height=\"300\" src=\"http:\/\/communionpourtous.fr\/wp-content\/uploads\/2019\/11\/xristoseulogon_HandMadeIconV2__photo-213x300.jpg\" alt=\"\" class=\"wp-image-231\" srcset=\"https:\/\/communionpourtous.fr\/wp-content\/uploads\/2019\/11\/xristoseulogon_HandMadeIconV2__photo-213x300.jpg 213w, https:\/\/communionpourtous.fr\/wp-content\/uploads\/2019\/11\/xristoseulogon_HandMadeIconV2__photo.jpg 296w\" sizes=\"(max-width: 213px) 100vw, 213px\" \/><\/figure><\/div>\n\n\n\n<p class=\"has-drop-cap\">L\u2019Eglise nous enseigne que la sainte Eucharistie est le lieu de rencontre privil\u00e9gi\u00e9e avec le Christ, dans la pl\u00e9nitude de la communion au sacrifice. On examinera donc ici comment le Christ se laisse approcher par les fid\u00e8les au cours de sa vie terrestre, afin d\u2019en tirer un parall\u00e8le avec les conditions d\u2019acc\u00e8s \u00e0 la Sainte Table et peut-\u00eatre quelques enseignements.<\/p>\n\n\n\n<p>A la lecture attentive de l\u2019Evangile le mod\u00e8le d\u2019acc\u00e8s \u00e0 sa personne que nous propose le Christ repose sur une s\u00e9quence tout \u00e0 fait diff\u00e9rente de l\u2019acc\u00e8s \u00e0 l\u2019Eucharistie, tel que la Tradition le recommande&nbsp;:&nbsp;<\/p>\n\n\n\n<ul class=\"wp-block-list\"><li>Pour l\u2019Eglise, le repentir et la conversion doivent pr\u00e9c\u00e9der la Communion&nbsp;: le fid\u00e8le en \u00e9tat de p\u00e9ch\u00e9 grave doit se confesser avant toute communion.<\/li><li>Pour le Christ la rencontre&nbsp;&nbsp;(la communion) pr\u00e9c\u00e8de le repentir et d\u00e9clenche la conversion que suivra le repentir, selon la s\u00e9quence suivante&nbsp;: &nbsp; accueil du p\u00eacheur sans conditions aucunes, sans demande d\u2019actes positifs, \u00e9coute et communion par la Parole, conversion et repentir ult\u00e9rieurs.<\/li><\/ul>\n<div class='watch-action'><div class='watch-position align-left'><div class='action-like'><a class='lbg-style3 like-47 jlk' href='javascript:void(0)' data-task='like' data-post_id='47' data-nonce='6526a22d6f' rel='nofollow'><img class='wti-pixel' src='https:\/\/communionpourtous.fr\/wp-content\/plugins\/wti-like-post\/images\/pixel.gif' title='d&#039;accord ' \/><span class='lc-47 lc'>+18<\/span><\/a><\/div><div class='action-unlike'><a class='unlbg-style3 unlike-47 jlk' href='javascript:void(0)' data-task='unlike' data-post_id='47' data-nonce='6526a22d6f' rel='nofollow'><img class='wti-pixel' src='https:\/\/communionpourtous.fr\/wp-content\/plugins\/wti-like-post\/images\/pixel.gif' title=' pas d&#039;accord' \/><span class='unlc-47 unlc'>-2<\/span><\/a><\/div> <\/div> <div class='status-47 status align-left'><\/div><\/div><div class='wti-clear'><\/div>","protected":false},"excerpt":{"rendered":"<p>L\u2019Eglise nous enseigne que la sainte Eucharistie est le lieu de rencontre privil\u00e9gi\u00e9e avec le Christ, dans la pl\u00e9nitude de la communion au sacrifice. On examinera donc ici comment le Christ se laisse approcher par les fid\u00e8les au cours de sa vie terrestre, afin d\u2019en tirer un parall\u00e8le avec les conditions d\u2019acc\u00e8s \u00e0 la Sainte [&hellip;]<\/p>\n","protected":false},"author":1,"featured_media":0,"parent":0,"menu_order":0,"comment_status":"open","ping_status":"closed","template":"","meta":{"om_disable_all_campaigns":false,"_monsterinsights_skip_tracking":false,"_monsterinsights_sitenote_active":false,"_monsterinsights_sitenote_note":"","_monsterinsights_sitenote_category":0,"_uf_show_specific_survey":0,"_uf_disable_surveys":false,"footnotes":""},"class_list":["post-47","page","type-page","status-publish","hentry","entry"],"aioseo_notices":[],"yoast_head":"<!-- This site is optimized with the Yoast SEO plugin v23.6 - https:\/\/yoast.com\/wordpress\/plugins\/seo\/ -->\n<title>Le Christ n&#039;attend pas la conversion ou le repentir pour appeler - Communion pour tous !<\/title>\n<meta name=\"robots\" content=\"index, follow, max-snippet:-1, max-image-preview:large, max-video-preview:-1\" \/>\n<link rel=\"canonical\" href=\"http:\/\/communionpourtous.fr\/index.php\/le-christ-nattend-pas-la-conversion-pour-appeler\/\" \/>\n<meta property=\"og:locale\" content=\"fr_FR\" \/>\n<meta property=\"og:type\" content=\"article\" \/>\n<meta property=\"og:title\" content=\"Le Christ n&#039;attend pas la conversion ou le repentir pour appeler - Communion pour tous !\" \/>\n<meta property=\"og:description\" content=\"L\u2019Eglise nous enseigne que la sainte Eucharistie est le lieu de rencontre privil\u00e9gi\u00e9e avec le Christ, dans la pl\u00e9nitude de la communion au sacrifice. On examinera donc ici comment le Christ se laisse approcher par les fid\u00e8les au cours de sa vie terrestre, afin d\u2019en tirer un parall\u00e8le avec les conditions d\u2019acc\u00e8s \u00e0 la Sainte [&hellip;]\" \/>\n<meta property=\"og:url\" content=\"http:\/\/communionpourtous.fr\/index.php\/le-christ-nattend-pas-la-conversion-pour-appeler\/\" \/>\n<meta property=\"og:site_name\" content=\"Communion pour tous !\" \/>\n<meta property=\"article:modified_time\" content=\"2019-11-17T14:08:48+00:00\" \/>\n<meta property=\"og:image\" content=\"http:\/\/communionpourtous.fr\/wp-content\/uploads\/2019\/11\/xristoseulogon_HandMadeIconV2__photo-213x300.jpg\" \/>\n<meta name=\"twitter:card\" content=\"summary_large_image\" \/>\n<meta name=\"twitter:label1\" content=\"Dur\u00e9e de lecture estim\u00e9e\" \/>\n\t<meta name=\"twitter:data1\" content=\"1 minute\" \/>\n<script type=\"application\/ld+json\" class=\"yoast-schema-graph\">{\"@context\":\"https:\/\/schema.org\",\"@graph\":[{\"@type\":\"WebPage\",\"@id\":\"http:\/\/communionpourtous.fr\/index.php\/le-christ-nattend-pas-la-conversion-pour-appeler\/\",\"url\":\"http:\/\/communionpourtous.fr\/index.php\/le-christ-nattend-pas-la-conversion-pour-appeler\/\",\"name\":\"Le Christ n'attend pas la conversion ou le repentir pour appeler - Communion pour tous !\",\"isPartOf\":{\"@id\":\"http:\/\/communionpourtous.fr\/#website\"},\"primaryImageOfPage\":{\"@id\":\"http:\/\/communionpourtous.fr\/index.php\/le-christ-nattend-pas-la-conversion-pour-appeler\/#primaryimage\"},\"image\":{\"@id\":\"http:\/\/communionpourtous.fr\/index.php\/le-christ-nattend-pas-la-conversion-pour-appeler\/#primaryimage\"},\"thumbnailUrl\":\"http:\/\/communionpourtous.fr\/wp-content\/uploads\/2019\/11\/xristoseulogon_HandMadeIconV2__photo-213x300.jpg\",\"datePublished\":\"2019-08-16T15:42:07+00:00\",\"dateModified\":\"2019-11-17T14:08:48+00:00\",\"breadcrumb\":{\"@id\":\"http:\/\/communionpourtous.fr\/index.php\/le-christ-nattend-pas-la-conversion-pour-appeler\/#breadcrumb\"},\"inLanguage\":\"fr-FR\",\"potentialAction\":[{\"@type\":\"ReadAction\",\"target\":[\"http:\/\/communionpourtous.fr\/index.php\/le-christ-nattend-pas-la-conversion-pour-appeler\/\"]}]},{\"@type\":\"ImageObject\",\"inLanguage\":\"fr-FR\",\"@id\":\"http:\/\/communionpourtous.fr\/index.php\/le-christ-nattend-pas-la-conversion-pour-appeler\/#primaryimage\",\"url\":\"http:\/\/communionpourtous.fr\/wp-content\/uploads\/2019\/11\/xristoseulogon_HandMadeIconV2__photo-213x300.jpg\",\"contentUrl\":\"http:\/\/communionpourtous.fr\/wp-content\/uploads\/2019\/11\/xristoseulogon_HandMadeIconV2__photo-213x300.jpg\"},{\"@type\":\"BreadcrumbList\",\"@id\":\"http:\/\/communionpourtous.fr\/index.php\/le-christ-nattend-pas-la-conversion-pour-appeler\/#breadcrumb\",\"itemListElement\":[{\"@type\":\"ListItem\",\"position\":1,\"name\":\"Accueil\",\"item\":\"http:\/\/communionpourtous.fr\/\"},{\"@type\":\"ListItem\",\"position\":2,\"name\":\"Le Christ n&rsquo;attend pas la conversion ou le repentir pour appeler\"}]},{\"@type\":\"WebSite\",\"@id\":\"http:\/\/communionpourtous.fr\/#website\",\"url\":\"http:\/\/communionpourtous.fr\/\",\"name\":\"Communion pour tous\",\"description\":\"\",\"publisher\":{\"@id\":\"http:\/\/communionpourtous.fr\/#organization\"},\"potentialAction\":[{\"@type\":\"SearchAction\",\"target\":{\"@type\":\"EntryPoint\",\"urlTemplate\":\"http:\/\/communionpourtous.fr\/?s={search_term_string}\"},\"query-input\":{\"@type\":\"PropertyValueSpecification\",\"valueRequired\":true,\"valueName\":\"search_term_string\"}}],\"inLanguage\":\"fr-FR\"},{\"@type\":\"Organization\",\"@id\":\"http:\/\/communionpourtous.fr\/#organization\",\"name\":\"Communion pour tous\",\"url\":\"http:\/\/communionpourtous.fr\/\",\"logo\":{\"@type\":\"ImageObject\",\"inLanguage\":\"fr-FR\",\"@id\":\"http:\/\/communionpourtous.fr\/#\/schema\/logo\/image\/\",\"url\":\"https:\/\/communionpourtous.fr\/wp-content\/uploads\/2019\/08\/cropped-ob_6c6e67_cene-e1565977472151.jpg\",\"contentUrl\":\"https:\/\/communionpourtous.fr\/wp-content\/uploads\/2019\/08\/cropped-ob_6c6e67_cene-e1565977472151.jpg\",\"width\":190,\"height\":190,\"caption\":\"Communion pour tous\"},\"image\":{\"@id\":\"http:\/\/communionpourtous.fr\/#\/schema\/logo\/image\/\"}}]}<\/script>\n<!-- \/ Yoast SEO plugin. -->","yoast_head_json":{"title":"Le Christ n'attend pas la conversion ou le repentir pour appeler - Communion pour tous !","robots":{"index":"index","follow":"follow","max-snippet":"max-snippet:-1","max-image-preview":"max-image-preview:large","max-video-preview":"max-video-preview:-1"},"canonical":"http:\/\/communionpourtous.fr\/index.php\/le-christ-nattend-pas-la-conversion-pour-appeler\/","og_locale":"fr_FR","og_type":"article","og_title":"Le Christ n'attend pas la conversion ou le repentir pour appeler - Communion pour tous !","og_description":"L\u2019Eglise nous enseigne que la sainte Eucharistie est le lieu de rencontre privil\u00e9gi\u00e9e avec le Christ, dans la pl\u00e9nitude de la communion au sacrifice. On examinera donc ici comment le Christ se laisse approcher par les fid\u00e8les au cours de sa vie terrestre, afin d\u2019en tirer un parall\u00e8le avec les conditions d\u2019acc\u00e8s \u00e0 la Sainte [&hellip;]","og_url":"http:\/\/communionpourtous.fr\/index.php\/le-christ-nattend-pas-la-conversion-pour-appeler\/","og_site_name":"Communion pour tous !","article_modified_time":"2019-11-17T14:08:48+00:00","og_image":[{"url":"http:\/\/communionpourtous.fr\/wp-content\/uploads\/2019\/11\/xristoseulogon_HandMadeIconV2__photo-213x300.jpg"}],"twitter_card":"summary_large_image","twitter_misc":{"Dur\u00e9e de lecture estim\u00e9e":"1 minute"},"schema":{"@context":"https:\/\/schema.org","@graph":[{"@type":"WebPage","@id":"http:\/\/communionpourtous.fr\/index.php\/le-christ-nattend-pas-la-conversion-pour-appeler\/","url":"http:\/\/communionpourtous.fr\/index.php\/le-christ-nattend-pas-la-conversion-pour-appeler\/","name":"Le Christ n'attend pas la conversion ou le repentir pour appeler - Communion pour tous !","isPartOf":{"@id":"http:\/\/communionpourtous.fr\/#website"},"primaryImageOfPage":{"@id":"http:\/\/communionpourtous.fr\/index.php\/le-christ-nattend-pas-la-conversion-pour-appeler\/#primaryimage"},"image":{"@id":"http:\/\/communionpourtous.fr\/index.php\/le-christ-nattend-pas-la-conversion-pour-appeler\/#primaryimage"},"thumbnailUrl":"http:\/\/communionpourtous.fr\/wp-content\/uploads\/2019\/11\/xristoseulogon_HandMadeIconV2__photo-213x300.jpg","datePublished":"2019-08-16T15:42:07+00:00","dateModified":"2019-11-17T14:08:48+00:00","breadcrumb":{"@id":"http:\/\/communionpourtous.fr\/index.php\/le-christ-nattend-pas-la-conversion-pour-appeler\/#breadcrumb"},"inLanguage":"fr-FR","potentialAction":[{"@type":"ReadAction","target":["http:\/\/communionpourtous.fr\/index.php\/le-christ-nattend-pas-la-conversion-pour-appeler\/"]}]},{"@type":"ImageObject","inLanguage":"fr-FR","@id":"http:\/\/communionpourtous.fr\/index.php\/le-christ-nattend-pas-la-conversion-pour-appeler\/#primaryimage","url":"http:\/\/communionpourtous.fr\/wp-content\/uploads\/2019\/11\/xristoseulogon_HandMadeIconV2__photo-213x300.jpg","contentUrl":"http:\/\/communionpourtous.fr\/wp-content\/uploads\/2019\/11\/xristoseulogon_HandMadeIconV2__photo-213x300.jpg"},{"@type":"BreadcrumbList","@id":"http:\/\/communionpourtous.fr\/index.php\/le-christ-nattend-pas-la-conversion-pour-appeler\/#breadcrumb","itemListElement":[{"@type":"ListItem","position":1,"name":"Accueil","item":"http:\/\/communionpourtous.fr\/"},{"@type":"ListItem","position":2,"name":"Le Christ n&rsquo;attend pas la conversion ou le repentir pour appeler"}]},{"@type":"WebSite","@id":"http:\/\/communionpourtous.fr\/#website","url":"http:\/\/communionpourtous.fr\/","name":"Communion pour tous","description":"","publisher":{"@id":"http:\/\/communionpourtous.fr\/#organization"},"potentialAction":[{"@type":"SearchAction","target":{"@type":"EntryPoint","urlTemplate":"http:\/\/communionpourtous.fr\/?s={search_term_string}"},"query-input":{"@type":"PropertyValueSpecification","valueRequired":true,"valueName":"search_term_string"}}],"inLanguage":"fr-FR"},{"@type":"Organization","@id":"http:\/\/communionpourtous.fr\/#organization","name":"Communion pour tous","url":"http:\/\/communionpourtous.fr\/","logo":{"@type":"ImageObject","inLanguage":"fr-FR","@id":"http:\/\/communionpourtous.fr\/#\/schema\/logo\/image\/","url":"https:\/\/communionpourtous.fr\/wp-content\/uploads\/2019\/08\/cropped-ob_6c6e67_cene-e1565977472151.jpg","contentUrl":"https:\/\/communionpourtous.fr\/wp-content\/uploads\/2019\/08\/cropped-ob_6c6e67_cene-e1565977472151.jpg","width":190,"height":190,"caption":"Communion pour tous"},"image":{"@id":"http:\/\/communionpourtous.fr\/#\/schema\/logo\/image\/"}}]}},"_links":{"self":[{"href":"https:\/\/communionpourtous.fr\/index.php\/wp-json\/wp\/v2\/pages\/47"}],"collection":[{"href":"https:\/\/communionpourtous.fr\/index.php\/wp-json\/wp\/v2\/pages"}],"about":[{"href":"https:\/\/communionpourtous.fr\/index.php\/wp-json\/wp\/v2\/types\/page"}],"author":[{"embeddable":true,"href":"https:\/\/communionpourtous.fr\/index.php\/wp-json\/wp\/v2\/users\/1"}],"replies":[{"embeddable":true,"href":"https:\/\/communionpourtous.fr\/index.php\/wp-json\/wp\/v2\/comments?post=47"}],"version-history":[{"count":4,"href":"https:\/\/communionpourtous.fr\/index.php\/wp-json\/wp\/v2\/pages\/47\/revisions"}],"predecessor-version":[{"id":232,"href":"https:\/\/communionpourtous.fr\/index.php\/wp-json\/wp\/v2\/pages\/47\/revisions\/232"}],"wp:attachment":[{"href":"https:\/\/communionpourtous.fr\/index.php\/wp-json\/wp\/v2\/media?parent=47"}],"curies":[{"name":"wp","href":"https:\/\/api.w.org\/{rel}","templated":true}]}}