{"id":23,"date":"2019-08-16T17:09:58","date_gmt":"2019-08-16T15:09:58","guid":{"rendered":"http:\/\/communionpourtous.fr\/?page_id=23"},"modified":"2019-11-17T15:12:32","modified_gmt":"2019-11-17T14:12:32","slug":"catechisme-de-leglise-catholique","status":"publish","type":"page","link":"https:\/\/communionpourtous.fr\/index.php\/catechisme-de-leglise-catholique\/","title":{"rendered":"Cat\u00e9chisme de l&rsquo;Eglise Catholique"},"content":{"rendered":"\n\n\n<p class=\"has-drop-cap\">La position de l\u2019Eglise sur l\u2019acc\u00e8s \u00e0 la Communion de ses fid\u00e8les en \u00e9tat de p\u00e9ch\u00e9 grave et de tous ceux qui \u00ab&nbsp;contreviennent objectivement \u00e0 la loi de Dieu&nbsp;\u00bb, tels les divorc\u00e9s remari\u00e9s, est connue et relativement&nbsp;&nbsp;simple&nbsp;: aucun acc\u00e8s sans qu\u2019au pr\u00e9alable le fid\u00e8le n\u2019ait manifest\u00e9 son repentir et&nbsp;&nbsp;n\u2019ait abandonn\u00e9 son p\u00e9ch\u00e9. (Cat\u00e9chisme de l\u2019Eglise catholique, article 1385,  \u00ab&nbsp;<em>Celui qui est conscient d\u2019un p\u00e9ch\u00e9 grave doit recevoir le sacrement de la R\u00e9conciliation avant d\u2019acc\u00e9der \u00e0 la communion&nbsp;<\/em>\u00bb).<\/p>\n\n\n\n<p><a href=\"http:\/\/www.vatican.va\/archive\/FRA0013\/_P3X.HTM\">http:\/\/www.vatican.va\/archive\/FRA0013\/_P3X.HTM<\/a><\/p>\n\n\n\n<p>Cette position est explicit\u00e9e dans  la <em>Lettre aux Ev\u00eaques de l\u2019Eglise Catholique sur l\u2019acc\u00e8s \u00e0 la communion eucharistique de la part des fid\u00e8les divorc\u00e9s remari\u00e9s:&nbsp;<\/em><\/p>\n\n\n\n<p>\u00a0\u00bb <em>Si les divorc\u00e9s se sont remari\u00e9s civilement, ils se trouvent dans une situation qui contrevient objectivement \u00e0 la loi de Dieu et, d\u00e8s lors, ils ne peuvent pas acc\u00e9der \u00e0 la Communion eucharistique, aussi longtemps que persiste cette situation<\/em>\u00ab\u00a0<\/p>\n<div class='watch-action'><div class='watch-position align-left'><div class='action-like'><a class='lbg-style3 like-23 jlk' href='javascript:void(0)' data-task='like' data-post_id='23' data-nonce='6526a22d6f' rel='nofollow'><img class='wti-pixel' src='https:\/\/communionpourtous.fr\/wp-content\/plugins\/wti-like-post\/images\/pixel.gif' title='d&#039;accord ' \/><span class='lc-23 lc'>+2<\/span><\/a><\/div><div class='action-unlike'><a class='unlbg-style3 unlike-23 jlk' href='javascript:void(0)' data-task='unlike' data-post_id='23' data-nonce='6526a22d6f' rel='nofollow'><img class='wti-pixel' src='https:\/\/communionpourtous.fr\/wp-content\/plugins\/wti-like-post\/images\/pixel.gif' title=' pas d&#039;accord' \/><span class='unlc-23 unlc'>-4<\/span><\/a><\/div> <\/div> <div class='status-23 status align-left'><\/div><\/div><div class='wti-clear'><\/div>","protected":false},"excerpt":{"rendered":"<p>La position de l\u2019Eglise sur l\u2019acc\u00e8s \u00e0 la Communion de ses fid\u00e8les en \u00e9tat de p\u00e9ch\u00e9 grave et de tous ceux qui \u00ab&nbsp;contreviennent objectivement \u00e0 la loi de Dieu&nbsp;\u00bb, tels les divorc\u00e9s remari\u00e9s, est connue et relativement&nbsp;&nbsp;simple&nbsp;: aucun acc\u00e8s sans qu\u2019au pr\u00e9alable le fid\u00e8le n\u2019ait manifest\u00e9 son repentir et&nbsp;&nbsp;n\u2019ait abandonn\u00e9 son p\u00e9ch\u00e9. (Cat\u00e9chisme de l\u2019Eglise [&hellip;]<\/p>\n","protected":false},"author":1,"featured_media":0,"parent":0,"menu_order":0,"comment_status":"open","ping_status":"closed","template":"","meta":{"om_disable_all_campaigns":false,"_monsterinsights_skip_tracking":false,"_monsterinsights_sitenote_active":false,"_monsterinsights_sitenote_note":"","_monsterinsights_sitenote_category":0,"_uf_show_specific_survey":0,"_uf_disable_surveys":false,"footnotes":""},"class_list":["post-23","page","type-page","status-publish","hentry","entry"],"aioseo_notices":[],"yoast_head":"<!-- This site is optimized with the Yoast SEO plugin v23.6 - https:\/\/yoast.com\/wordpress\/plugins\/seo\/ -->\n<title>Cat\u00e9chisme de l&#039;Eglise Catholique - Communion pour tous !<\/title>\n<meta name=\"robots\" content=\"index, follow, max-snippet:-1, max-image-preview:large, max-video-preview:-1\" \/>\n<link rel=\"canonical\" href=\"http:\/\/communionpourtous.fr\/index.php\/catechisme-de-leglise-catholique\/\" \/>\n<meta property=\"og:locale\" content=\"fr_FR\" \/>\n<meta property=\"og:type\" content=\"article\" \/>\n<meta property=\"og:title\" content=\"Cat\u00e9chisme de l&#039;Eglise Catholique - Communion pour tous !\" \/>\n<meta property=\"og:description\" content=\"La position de l\u2019Eglise sur l\u2019acc\u00e8s \u00e0 la Communion de ses fid\u00e8les en \u00e9tat de p\u00e9ch\u00e9 grave et de tous ceux qui \u00ab&nbsp;contreviennent objectivement \u00e0 la loi de Dieu&nbsp;\u00bb, tels les divorc\u00e9s remari\u00e9s, est connue et relativement&nbsp;&nbsp;simple&nbsp;: aucun acc\u00e8s sans qu\u2019au pr\u00e9alable le fid\u00e8le n\u2019ait manifest\u00e9 son repentir et&nbsp;&nbsp;n\u2019ait abandonn\u00e9 son p\u00e9ch\u00e9. (Cat\u00e9chisme de l\u2019Eglise [&hellip;]\" \/>\n<meta property=\"og:url\" content=\"http:\/\/communionpourtous.fr\/index.php\/catechisme-de-leglise-catholique\/\" \/>\n<meta property=\"og:site_name\" content=\"Communion pour tous !\" \/>\n<meta property=\"article:modified_time\" content=\"2019-11-17T14:12:32+00:00\" \/>\n<meta name=\"twitter:card\" content=\"summary_large_image\" \/>\n<meta name=\"twitter:label1\" content=\"Dur\u00e9e de lecture estim\u00e9e\" \/>\n\t<meta name=\"twitter:data1\" content=\"1 minute\" \/>\n<script type=\"application\/ld+json\" class=\"yoast-schema-graph\">{\"@context\":\"https:\/\/schema.org\",\"@graph\":[{\"@type\":\"WebPage\",\"@id\":\"http:\/\/communionpourtous.fr\/index.php\/catechisme-de-leglise-catholique\/\",\"url\":\"http:\/\/communionpourtous.fr\/index.php\/catechisme-de-leglise-catholique\/\",\"name\":\"Cat\u00e9chisme de l'Eglise Catholique - Communion pour tous !\",\"isPartOf\":{\"@id\":\"http:\/\/communionpourtous.fr\/#website\"},\"datePublished\":\"2019-08-16T15:09:58+00:00\",\"dateModified\":\"2019-11-17T14:12:32+00:00\",\"breadcrumb\":{\"@id\":\"http:\/\/communionpourtous.fr\/index.php\/catechisme-de-leglise-catholique\/#breadcrumb\"},\"inLanguage\":\"fr-FR\",\"potentialAction\":[{\"@type\":\"ReadAction\",\"target\":[\"http:\/\/communionpourtous.fr\/index.php\/catechisme-de-leglise-catholique\/\"]}]},{\"@type\":\"BreadcrumbList\",\"@id\":\"http:\/\/communionpourtous.fr\/index.php\/catechisme-de-leglise-catholique\/#breadcrumb\",\"itemListElement\":[{\"@type\":\"ListItem\",\"position\":1,\"name\":\"Accueil\",\"item\":\"http:\/\/communionpourtous.fr\/\"},{\"@type\":\"ListItem\",\"position\":2,\"name\":\"Cat\u00e9chisme de l&rsquo;Eglise Catholique\"}]},{\"@type\":\"WebSite\",\"@id\":\"http:\/\/communionpourtous.fr\/#website\",\"url\":\"http:\/\/communionpourtous.fr\/\",\"name\":\"Communion pour tous\",\"description\":\"\",\"publisher\":{\"@id\":\"http:\/\/communionpourtous.fr\/#organization\"},\"potentialAction\":[{\"@type\":\"SearchAction\",\"target\":{\"@type\":\"EntryPoint\",\"urlTemplate\":\"http:\/\/communionpourtous.fr\/?s={search_term_string}\"},\"query-input\":{\"@type\":\"PropertyValueSpecification\",\"valueRequired\":true,\"valueName\":\"search_term_string\"}}],\"inLanguage\":\"fr-FR\"},{\"@type\":\"Organization\",\"@id\":\"http:\/\/communionpourtous.fr\/#organization\",\"name\":\"Communion pour tous\",\"url\":\"http:\/\/communionpourtous.fr\/\",\"logo\":{\"@type\":\"ImageObject\",\"inLanguage\":\"fr-FR\",\"@id\":\"http:\/\/communionpourtous.fr\/#\/schema\/logo\/image\/\",\"url\":\"https:\/\/communionpourtous.fr\/wp-content\/uploads\/2019\/08\/cropped-ob_6c6e67_cene-e1565977472151.jpg\",\"contentUrl\":\"https:\/\/communionpourtous.fr\/wp-content\/uploads\/2019\/08\/cropped-ob_6c6e67_cene-e1565977472151.jpg\",\"width\":190,\"height\":190,\"caption\":\"Communion pour tous\"},\"image\":{\"@id\":\"http:\/\/communionpourtous.fr\/#\/schema\/logo\/image\/\"}}]}<\/script>\n<!-- \/ Yoast SEO plugin. -->","yoast_head_json":{"title":"Cat\u00e9chisme de l'Eglise Catholique - Communion pour tous !","robots":{"index":"index","follow":"follow","max-snippet":"max-snippet:-1","max-image-preview":"max-image-preview:large","max-video-preview":"max-video-preview:-1"},"canonical":"http:\/\/communionpourtous.fr\/index.php\/catechisme-de-leglise-catholique\/","og_locale":"fr_FR","og_type":"article","og_title":"Cat\u00e9chisme de l'Eglise Catholique - Communion pour tous !","og_description":"La position de l\u2019Eglise sur l\u2019acc\u00e8s \u00e0 la Communion de ses fid\u00e8les en \u00e9tat de p\u00e9ch\u00e9 grave et de tous ceux qui \u00ab&nbsp;contreviennent objectivement \u00e0 la loi de Dieu&nbsp;\u00bb, tels les divorc\u00e9s remari\u00e9s, est connue et relativement&nbsp;&nbsp;simple&nbsp;: aucun acc\u00e8s sans qu\u2019au pr\u00e9alable le fid\u00e8le n\u2019ait manifest\u00e9 son repentir et&nbsp;&nbsp;n\u2019ait abandonn\u00e9 son p\u00e9ch\u00e9. (Cat\u00e9chisme de l\u2019Eglise [&hellip;]","og_url":"http:\/\/communionpourtous.fr\/index.php\/catechisme-de-leglise-catholique\/","og_site_name":"Communion pour tous !","article_modified_time":"2019-11-17T14:12:32+00:00","twitter_card":"summary_large_image","twitter_misc":{"Dur\u00e9e de lecture estim\u00e9e":"1 minute"},"schema":{"@context":"https:\/\/schema.org","@graph":[{"@type":"WebPage","@id":"http:\/\/communionpourtous.fr\/index.php\/catechisme-de-leglise-catholique\/","url":"http:\/\/communionpourtous.fr\/index.php\/catechisme-de-leglise-catholique\/","name":"Cat\u00e9chisme de l'Eglise Catholique - Communion pour tous !","isPartOf":{"@id":"http:\/\/communionpourtous.fr\/#website"},"datePublished":"2019-08-16T15:09:58+00:00","dateModified":"2019-11-17T14:12:32+00:00","breadcrumb":{"@id":"http:\/\/communionpourtous.fr\/index.php\/catechisme-de-leglise-catholique\/#breadcrumb"},"inLanguage":"fr-FR","potentialAction":[{"@type":"ReadAction","target":["http:\/\/communionpourtous.fr\/index.php\/catechisme-de-leglise-catholique\/"]}]},{"@type":"BreadcrumbList","@id":"http:\/\/communionpourtous.fr\/index.php\/catechisme-de-leglise-catholique\/#breadcrumb","itemListElement":[{"@type":"ListItem","position":1,"name":"Accueil","item":"http:\/\/communionpourtous.fr\/"},{"@type":"ListItem","position":2,"name":"Cat\u00e9chisme de l&rsquo;Eglise Catholique"}]},{"@type":"WebSite","@id":"http:\/\/communionpourtous.fr\/#website","url":"http:\/\/communionpourtous.fr\/","name":"Communion pour tous","description":"","publisher":{"@id":"http:\/\/communionpourtous.fr\/#organization"},"potentialAction":[{"@type":"SearchAction","target":{"@type":"EntryPoint","urlTemplate":"http:\/\/communionpourtous.fr\/?s={search_term_string}"},"query-input":{"@type":"PropertyValueSpecification","valueRequired":true,"valueName":"search_term_string"}}],"inLanguage":"fr-FR"},{"@type":"Organization","@id":"http:\/\/communionpourtous.fr\/#organization","name":"Communion pour tous","url":"http:\/\/communionpourtous.fr\/","logo":{"@type":"ImageObject","inLanguage":"fr-FR","@id":"http:\/\/communionpourtous.fr\/#\/schema\/logo\/image\/","url":"https:\/\/communionpourtous.fr\/wp-content\/uploads\/2019\/08\/cropped-ob_6c6e67_cene-e1565977472151.jpg","contentUrl":"https:\/\/communionpourtous.fr\/wp-content\/uploads\/2019\/08\/cropped-ob_6c6e67_cene-e1565977472151.jpg","width":190,"height":190,"caption":"Communion pour tous"},"image":{"@id":"http:\/\/communionpourtous.fr\/#\/schema\/logo\/image\/"}}]}},"_links":{"self":[{"href":"https:\/\/communionpourtous.fr\/index.php\/wp-json\/wp\/v2\/pages\/23"}],"collection":[{"href":"https:\/\/communionpourtous.fr\/index.php\/wp-json\/wp\/v2\/pages"}],"about":[{"href":"https:\/\/communionpourtous.fr\/index.php\/wp-json\/wp\/v2\/types\/page"}],"author":[{"embeddable":true,"href":"https:\/\/communionpourtous.fr\/index.php\/wp-json\/wp\/v2\/users\/1"}],"replies":[{"embeddable":true,"href":"https:\/\/communionpourtous.fr\/index.php\/wp-json\/wp\/v2\/comments?post=23"}],"version-history":[{"count":4,"href":"https:\/\/communionpourtous.fr\/index.php\/wp-json\/wp\/v2\/pages\/23\/revisions"}],"predecessor-version":[{"id":235,"href":"https:\/\/communionpourtous.fr\/index.php\/wp-json\/wp\/v2\/pages\/23\/revisions\/235"}],"wp:attachment":[{"href":"https:\/\/communionpourtous.fr\/index.php\/wp-json\/wp\/v2\/media?parent=23"}],"curies":[{"name":"wp","href":"https:\/\/api.w.org\/{rel}","templated":true}]}}