{"id":138,"date":"2019-08-24T13:17:54","date_gmt":"2019-08-24T11:17:54","guid":{"rendered":"http:\/\/communionpourtous.fr\/?page_id=138"},"modified":"2019-08-24T13:39:07","modified_gmt":"2019-08-24T11:39:07","slug":"refutation-de-1corinthien-chapitre-11","status":"publish","type":"page","link":"https:\/\/communionpourtous.fr\/index.php\/refutation-de-1corinthien-chapitre-11\/","title":{"rendered":"Refutation de 1,Corinthien chapitre 11"},"content":{"rendered":"\n<p class=\"has-drop-cap\">Les partisans de l\u2019interdiction de la communion s\u2019appuient presque toujours  sur <a href=\"https:\/\/www.aelf.org\/bible\/1Co\/11\">1 Co, 11, 27-29<\/a>, o\u00f9 Saint Paul \u00e9crit fermement \u00ab&nbsp;<em>Ainsi donc, quiconque mange le pain ou boit la coupe du Seigneur indignement aura \u00e0 r\u00e9pondre du corps et du sang du Seigneur. Que chacun donc s&rsquo;\u00e9prouve soi-m\u00eame, et qu&rsquo;ainsi il mange de ce pain et boive de cette coupe; car celui qui mange et boit, mange et boit sa propre condamnation, s&rsquo;il ne discerne le Corps.<\/em>&nbsp;\u00bb. Et le plus souvent en ommettant la fin du verset 20 (<em>\u00ab\u00a0s&rsquo;il ne discerne le Corps<\/em>\u00ab\u00a0)<\/p>\n\n\n\n<p>Or si l\u2019on prend le temps de lire l\u2019ensemble du chapitre, Paul s\u2019attaque, comme le Christ d\u2019ailleurs, \u00e0 l\u2019absence d\u2019unit\u00e9 de la communaut\u00e9, vrai risque qui justifie entre autre la <a href=\"http:\/\/communionpourtous.fr\/index.php\/la-preuve-par-la-communion-de-judas\/\">communion de Judas<\/a>. En effet, voici ce que dit Paul aux versets 18 \u00e0 21&nbsp;: \u00ab&nbsp;<em>Tout d\u2019abord, quand votre \u00c9glise se r\u00e9unit, j\u2019entends dire que, parmi vous, il existe des divisions, et je crois que c\u2019est assez vrai, car il faut bien qu\u2019il y ait parmi vous des groupes qui s\u2019opposent, afin qu\u2019on reconnaisse ceux d\u2019entre vous qui ont une valeur \u00e9prouv\u00e9e. &nbsp;Donc, lorsque vous vous r\u00e9unissez tous ensemble, ce n\u2019est plus le repas du Seigneur que vous prenez&nbsp;; en effet, chacun se pr\u00e9cipite pour prendre son propre repas, et l\u2019un reste affam\u00e9, tandis que l\u2019autre a trop bu&nbsp;\u00bb.<\/em>Il confirme cette position en conclusion de son chapitre&nbsp;:&nbsp;<em>\u00ab&nbsp;Ainsi donc, mes fr\u00e8res, quand vous vous r\u00e9unissez pour ce repas, attendez-vous les uns les autres&nbsp;; si quelqu\u2019un a faim, qu\u2019il mange \u00e0 la maison, pour que vos r\u00e9unions ne vous attirent pas le jugement du Seigneur. Quant au reste, je le r\u00e9glerai quand je viendrai.&nbsp;\u00bb<\/em><\/p>\n\n\n\n<p>Paul est donc extr\u00eamement explicite sur ce que chacun doit \u00e9prouver en soi avant de communier&nbsp;: l\u2019attention \u00e0 ses fr\u00e8res et le respect des autres et  de la communaut\u00e9 ainsi que l&rsquo;absolue n\u00e9cessit\u00e9 de reconna\u00eetre que l&rsquo;on communie au corps du Christ : <\/p>\n\n\n\n<p>\u00ab\u00a0<em>On doit donc s\u2019examiner soi-m\u00eame avant de manger de ce pain et de boire \u00e0 cette coupe.&nbsp;Celui qui mange et qui boit mange et boit son propre jugement s\u2019il ne discerne pas le corps du Seigneur.<\/em>\u00ab\u00a0<\/p>\n\n\n\n<p>Ceux qui s&rsquo;appuient sur 1 Corinthien chapitre 11, tordent donc le message de Paul en ne citant qu&rsquo;un bref extrait, hors contexte. <\/p>\n<div class='watch-action'><div class='watch-position align-left'><div class='action-like'><a class='lbg-style3 like-138 jlk' href='javascript:void(0)' data-task='like' data-post_id='138' data-nonce='6526a22d6f' rel='nofollow'><img class='wti-pixel' src='https:\/\/communionpourtous.fr\/wp-content\/plugins\/wti-like-post\/images\/pixel.gif' title='d&#039;accord ' \/><span class='lc-138 lc'>+3<\/span><\/a><\/div><div class='action-unlike'><a class='unlbg-style3 unlike-138 jlk' href='javascript:void(0)' data-task='unlike' data-post_id='138' data-nonce='6526a22d6f' rel='nofollow'><img class='wti-pixel' src='https:\/\/communionpourtous.fr\/wp-content\/plugins\/wti-like-post\/images\/pixel.gif' title=' pas d&#039;accord' \/><span class='unlc-138 unlc'>0<\/span><\/a><\/div> <\/div> <div class='status-138 status align-left'><\/div><\/div><div class='wti-clear'><\/div>","protected":false},"excerpt":{"rendered":"<p>Les partisans de l\u2019interdiction de la communion s\u2019appuient presque toujours sur 1 Co, 11, 27-29, o\u00f9 Saint Paul \u00e9crit fermement \u00ab&nbsp;Ainsi donc, quiconque mange le pain ou boit la coupe du Seigneur indignement aura \u00e0 r\u00e9pondre du corps et du sang du Seigneur. Que chacun donc s&rsquo;\u00e9prouve soi-m\u00eame, et qu&rsquo;ainsi il mange de ce pain [&hellip;]<\/p>\n","protected":false},"author":1,"featured_media":0,"parent":0,"menu_order":0,"comment_status":"open","ping_status":"closed","template":"","meta":{"om_disable_all_campaigns":false,"_monsterinsights_skip_tracking":false,"_monsterinsights_sitenote_active":false,"_monsterinsights_sitenote_note":"","_monsterinsights_sitenote_category":0,"_uf_show_specific_survey":0,"_uf_disable_surveys":false,"footnotes":""},"class_list":["post-138","page","type-page","status-publish","hentry","entry"],"aioseo_notices":[],"yoast_head":"<!-- This site is optimized with the Yoast SEO plugin v23.6 - https:\/\/yoast.com\/wordpress\/plugins\/seo\/ -->\n<title>Refutation de 1,Corinthien chapitre 11 - Communion pour tous !<\/title>\n<meta name=\"robots\" content=\"index, follow, max-snippet:-1, max-image-preview:large, max-video-preview:-1\" \/>\n<link rel=\"canonical\" href=\"http:\/\/communionpourtous.fr\/index.php\/refutation-de-1corinthien-chapitre-11\/\" \/>\n<meta property=\"og:locale\" content=\"fr_FR\" \/>\n<meta property=\"og:type\" content=\"article\" \/>\n<meta property=\"og:title\" content=\"Refutation de 1,Corinthien chapitre 11 - Communion pour tous !\" \/>\n<meta property=\"og:description\" content=\"Les partisans de l\u2019interdiction de la communion s\u2019appuient presque toujours sur 1 Co, 11, 27-29, o\u00f9 Saint Paul \u00e9crit fermement \u00ab&nbsp;Ainsi donc, quiconque mange le pain ou boit la coupe du Seigneur indignement aura \u00e0 r\u00e9pondre du corps et du sang du Seigneur. Que chacun donc s&rsquo;\u00e9prouve soi-m\u00eame, et qu&rsquo;ainsi il mange de ce pain [&hellip;]\" \/>\n<meta property=\"og:url\" content=\"http:\/\/communionpourtous.fr\/index.php\/refutation-de-1corinthien-chapitre-11\/\" \/>\n<meta property=\"og:site_name\" content=\"Communion pour tous !\" \/>\n<meta property=\"article:modified_time\" content=\"2019-08-24T11:39:07+00:00\" \/>\n<meta name=\"twitter:card\" content=\"summary_large_image\" \/>\n<meta name=\"twitter:label1\" content=\"Dur\u00e9e de lecture estim\u00e9e\" \/>\n\t<meta name=\"twitter:data1\" content=\"2 minutes\" \/>\n<script type=\"application\/ld+json\" class=\"yoast-schema-graph\">{\"@context\":\"https:\/\/schema.org\",\"@graph\":[{\"@type\":\"WebPage\",\"@id\":\"http:\/\/communionpourtous.fr\/index.php\/refutation-de-1corinthien-chapitre-11\/\",\"url\":\"http:\/\/communionpourtous.fr\/index.php\/refutation-de-1corinthien-chapitre-11\/\",\"name\":\"Refutation de 1,Corinthien chapitre 11 - Communion pour tous !\",\"isPartOf\":{\"@id\":\"http:\/\/communionpourtous.fr\/#website\"},\"datePublished\":\"2019-08-24T11:17:54+00:00\",\"dateModified\":\"2019-08-24T11:39:07+00:00\",\"breadcrumb\":{\"@id\":\"http:\/\/communionpourtous.fr\/index.php\/refutation-de-1corinthien-chapitre-11\/#breadcrumb\"},\"inLanguage\":\"fr-FR\",\"potentialAction\":[{\"@type\":\"ReadAction\",\"target\":[\"http:\/\/communionpourtous.fr\/index.php\/refutation-de-1corinthien-chapitre-11\/\"]}]},{\"@type\":\"BreadcrumbList\",\"@id\":\"http:\/\/communionpourtous.fr\/index.php\/refutation-de-1corinthien-chapitre-11\/#breadcrumb\",\"itemListElement\":[{\"@type\":\"ListItem\",\"position\":1,\"name\":\"Accueil\",\"item\":\"http:\/\/communionpourtous.fr\/\"},{\"@type\":\"ListItem\",\"position\":2,\"name\":\"Refutation de 1,Corinthien chapitre 11\"}]},{\"@type\":\"WebSite\",\"@id\":\"http:\/\/communionpourtous.fr\/#website\",\"url\":\"http:\/\/communionpourtous.fr\/\",\"name\":\"Communion pour tous\",\"description\":\"\",\"publisher\":{\"@id\":\"http:\/\/communionpourtous.fr\/#organization\"},\"potentialAction\":[{\"@type\":\"SearchAction\",\"target\":{\"@type\":\"EntryPoint\",\"urlTemplate\":\"http:\/\/communionpourtous.fr\/?s={search_term_string}\"},\"query-input\":{\"@type\":\"PropertyValueSpecification\",\"valueRequired\":true,\"valueName\":\"search_term_string\"}}],\"inLanguage\":\"fr-FR\"},{\"@type\":\"Organization\",\"@id\":\"http:\/\/communionpourtous.fr\/#organization\",\"name\":\"Communion pour tous\",\"url\":\"http:\/\/communionpourtous.fr\/\",\"logo\":{\"@type\":\"ImageObject\",\"inLanguage\":\"fr-FR\",\"@id\":\"http:\/\/communionpourtous.fr\/#\/schema\/logo\/image\/\",\"url\":\"https:\/\/communionpourtous.fr\/wp-content\/uploads\/2019\/08\/cropped-ob_6c6e67_cene-e1565977472151.jpg\",\"contentUrl\":\"https:\/\/communionpourtous.fr\/wp-content\/uploads\/2019\/08\/cropped-ob_6c6e67_cene-e1565977472151.jpg\",\"width\":190,\"height\":190,\"caption\":\"Communion pour tous\"},\"image\":{\"@id\":\"http:\/\/communionpourtous.fr\/#\/schema\/logo\/image\/\"}}]}<\/script>\n<!-- \/ Yoast SEO plugin. -->","yoast_head_json":{"title":"Refutation de 1,Corinthien chapitre 11 - Communion pour tous !","robots":{"index":"index","follow":"follow","max-snippet":"max-snippet:-1","max-image-preview":"max-image-preview:large","max-video-preview":"max-video-preview:-1"},"canonical":"http:\/\/communionpourtous.fr\/index.php\/refutation-de-1corinthien-chapitre-11\/","og_locale":"fr_FR","og_type":"article","og_title":"Refutation de 1,Corinthien chapitre 11 - Communion pour tous !","og_description":"Les partisans de l\u2019interdiction de la communion s\u2019appuient presque toujours sur 1 Co, 11, 27-29, o\u00f9 Saint Paul \u00e9crit fermement \u00ab&nbsp;Ainsi donc, quiconque mange le pain ou boit la coupe du Seigneur indignement aura \u00e0 r\u00e9pondre du corps et du sang du Seigneur. Que chacun donc s&rsquo;\u00e9prouve soi-m\u00eame, et qu&rsquo;ainsi il mange de ce pain [&hellip;]","og_url":"http:\/\/communionpourtous.fr\/index.php\/refutation-de-1corinthien-chapitre-11\/","og_site_name":"Communion pour tous !","article_modified_time":"2019-08-24T11:39:07+00:00","twitter_card":"summary_large_image","twitter_misc":{"Dur\u00e9e de lecture estim\u00e9e":"2 minutes"},"schema":{"@context":"https:\/\/schema.org","@graph":[{"@type":"WebPage","@id":"http:\/\/communionpourtous.fr\/index.php\/refutation-de-1corinthien-chapitre-11\/","url":"http:\/\/communionpourtous.fr\/index.php\/refutation-de-1corinthien-chapitre-11\/","name":"Refutation de 1,Corinthien chapitre 11 - Communion pour tous !","isPartOf":{"@id":"http:\/\/communionpourtous.fr\/#website"},"datePublished":"2019-08-24T11:17:54+00:00","dateModified":"2019-08-24T11:39:07+00:00","breadcrumb":{"@id":"http:\/\/communionpourtous.fr\/index.php\/refutation-de-1corinthien-chapitre-11\/#breadcrumb"},"inLanguage":"fr-FR","potentialAction":[{"@type":"ReadAction","target":["http:\/\/communionpourtous.fr\/index.php\/refutation-de-1corinthien-chapitre-11\/"]}]},{"@type":"BreadcrumbList","@id":"http:\/\/communionpourtous.fr\/index.php\/refutation-de-1corinthien-chapitre-11\/#breadcrumb","itemListElement":[{"@type":"ListItem","position":1,"name":"Accueil","item":"http:\/\/communionpourtous.fr\/"},{"@type":"ListItem","position":2,"name":"Refutation de 1,Corinthien chapitre 11"}]},{"@type":"WebSite","@id":"http:\/\/communionpourtous.fr\/#website","url":"http:\/\/communionpourtous.fr\/","name":"Communion pour tous","description":"","publisher":{"@id":"http:\/\/communionpourtous.fr\/#organization"},"potentialAction":[{"@type":"SearchAction","target":{"@type":"EntryPoint","urlTemplate":"http:\/\/communionpourtous.fr\/?s={search_term_string}"},"query-input":{"@type":"PropertyValueSpecification","valueRequired":true,"valueName":"search_term_string"}}],"inLanguage":"fr-FR"},{"@type":"Organization","@id":"http:\/\/communionpourtous.fr\/#organization","name":"Communion pour tous","url":"http:\/\/communionpourtous.fr\/","logo":{"@type":"ImageObject","inLanguage":"fr-FR","@id":"http:\/\/communionpourtous.fr\/#\/schema\/logo\/image\/","url":"https:\/\/communionpourtous.fr\/wp-content\/uploads\/2019\/08\/cropped-ob_6c6e67_cene-e1565977472151.jpg","contentUrl":"https:\/\/communionpourtous.fr\/wp-content\/uploads\/2019\/08\/cropped-ob_6c6e67_cene-e1565977472151.jpg","width":190,"height":190,"caption":"Communion pour tous"},"image":{"@id":"http:\/\/communionpourtous.fr\/#\/schema\/logo\/image\/"}}]}},"_links":{"self":[{"href":"https:\/\/communionpourtous.fr\/index.php\/wp-json\/wp\/v2\/pages\/138"}],"collection":[{"href":"https:\/\/communionpourtous.fr\/index.php\/wp-json\/wp\/v2\/pages"}],"about":[{"href":"https:\/\/communionpourtous.fr\/index.php\/wp-json\/wp\/v2\/types\/page"}],"author":[{"embeddable":true,"href":"https:\/\/communionpourtous.fr\/index.php\/wp-json\/wp\/v2\/users\/1"}],"replies":[{"embeddable":true,"href":"https:\/\/communionpourtous.fr\/index.php\/wp-json\/wp\/v2\/comments?post=138"}],"version-history":[{"count":4,"href":"https:\/\/communionpourtous.fr\/index.php\/wp-json\/wp\/v2\/pages\/138\/revisions"}],"predecessor-version":[{"id":148,"href":"https:\/\/communionpourtous.fr\/index.php\/wp-json\/wp\/v2\/pages\/138\/revisions\/148"}],"wp:attachment":[{"href":"https:\/\/communionpourtous.fr\/index.php\/wp-json\/wp\/v2\/media?parent=138"}],"curies":[{"name":"wp","href":"https:\/\/api.w.org\/{rel}","templated":true}]}}